{"id":1191,"date":"2017-11-02T06:16:40","date_gmt":"2017-11-02T06:16:40","guid":{"rendered":"http:\/\/demo.zozothemes.com\/megafactory\/?page_id=1191"},"modified":"2020-04-28T00:36:14","modified_gmt":"2020-04-28T00:36:14","slug":"blog-classic","status":"publish","type":"page","link":"https:\/\/groupe-alpages.com\/wps\/blog-classic\/","title":{"rendered":"S\u00e9minaires et Conf\u00e9rence"},"content":{"rendered":"<p>[vc_row css=\u00a0\u00bb.vc_custom_1508750640220{padding-top: 0px !important;padding-bottom: 0px !important;}\u00a0\u00bb][vc_column][vc_column_text]<\/p>\n<p style=\"text-align: justify;\">L\u2019\u00e9volution rapide des connaissances et la complexit\u00e9 croissante des environnements n\u00e9cessitent une mise \u00e0 niveau r\u00e9guli\u00e8re des ressources humaines. C\u2019est pourquoi <strong>ALPAGES<\/strong> offre des formations qualifiantes dans\u00a0:<\/p>\n<ul style=\"text-align: justify;\">\n<li>La gestion des chantiers<\/li>\n<li>La qualit\u00e9 des constructions<\/li>\n<li>La s\u00e9curit\u00e9 incendie<\/li>\n<li>La S\u00e9curit\u00e9 Protection Sant\u00e9 du travail (SPS)<\/li>\n<\/ul>\n<p><img loading=\"lazy\" decoding=\"async\" class=\" wp-image-4242 aligncenter\" src=\"https:\/\/groupe-alpages.com\/wps\/wp-content\/uploads\/2020\/04\/shutterstock_128292053-768x456.jpg\" alt=\"\" width=\"386\" height=\"229\" srcset=\"https:\/\/groupe-alpages.com\/wps\/wp-content\/uploads\/2020\/04\/shutterstock_128292053-768x456.jpg 768w, https:\/\/groupe-alpages.com\/wps\/wp-content\/uploads\/2020\/04\/shutterstock_128292053-440x260.jpg 440w, https:\/\/groupe-alpages.com\/wps\/wp-content\/uploads\/2020\/04\/shutterstock_128292053-390x231.jpg 390w, https:\/\/groupe-alpages.com\/wps\/wp-content\/uploads\/2020\/04\/shutterstock_128292053-220x130.jpg 220w\" sizes=\"auto, (max-width: 386px) 100vw, 386px\" \/><\/p>\n<p style=\"text-align: justify;\">Les formations sont \u00e0 la demande du client et peuvent se faire en intra ou en inter.<\/p>\n<p>[\/vc_column_text][\/vc_column][\/vc_row]<\/p>\n","protected":false},"excerpt":{"rendered":"<p>[vc_row css=\u00a0\u00bb.vc_custom_1508750640220{padding-top: 0px !important;padding-bottom: 0px !important;}\u00a0\u00bb][vc_column][vc_column_text] L\u2019\u00e9volution rapide des connaissances et la complexit\u00e9 croissante des environnements n\u00e9cessitent une mise \u00e0 niveau r\u00e9guli\u00e8re des ressources humaines. C\u2019est pourquoi ALPAGES offre des formations qualifiantes dans\u00a0: La gestion des chantiers La qualit\u00e9 des constructions La s\u00e9curit\u00e9 incendie La S\u00e9curit\u00e9 Protection Sant\u00e9 du travail (SPS) Les formations sont \u00e0<\/p>\n","protected":false},"author":1,"featured_media":0,"parent":0,"menu_order":0,"comment_status":"closed","ping_status":"closed","template":"","meta":{"footnotes":""},"class_list":["post-1191","page","type-page","status-publish","hentry"],"_links":{"self":[{"href":"https:\/\/groupe-alpages.com\/wps\/wp-json\/wp\/v2\/pages\/1191","targetHints":{"allow":["GET"]}}],"collection":[{"href":"https:\/\/groupe-alpages.com\/wps\/wp-json\/wp\/v2\/pages"}],"about":[{"href":"https:\/\/groupe-alpages.com\/wps\/wp-json\/wp\/v2\/types\/page"}],"author":[{"embeddable":true,"href":"https:\/\/groupe-alpages.com\/wps\/wp-json\/wp\/v2\/users\/1"}],"replies":[{"embeddable":true,"href":"https:\/\/groupe-alpages.com\/wps\/wp-json\/wp\/v2\/comments?post=1191"}],"version-history":[{"count":2,"href":"https:\/\/groupe-alpages.com\/wps\/wp-json\/wp\/v2\/pages\/1191\/revisions"}],"predecessor-version":[{"id":4243,"href":"https:\/\/groupe-alpages.com\/wps\/wp-json\/wp\/v2\/pages\/1191\/revisions\/4243"}],"wp:attachment":[{"href":"https:\/\/groupe-alpages.com\/wps\/wp-json\/wp\/v2\/media?parent=1191"}],"curies":[{"name":"wp","href":"https:\/\/api.w.org\/{rel}","templated":true}]}}