{"id":125,"date":"2017-08-17T01:33:26","date_gmt":"2017-08-16T23:33:26","guid":{"rendered":"http:\/\/localhost\/alp\/?page_id=125"},"modified":"2020-08-20T12:13:30","modified_gmt":"2020-08-20T12:13:30","slug":"demande-de-devis","status":"publish","type":"page","link":"https:\/\/groupe-alpages.com\/wps\/demande-de-devis\/","title":{"rendered":"Demande de devis"},"content":{"rendered":"\n<div class=\"wpcf7 no-js\" id=\"wpcf7-f4273-o1\" lang=\"fr-FR\" dir=\"ltr\" data-wpcf7-id=\"4273\">\n<div class=\"screen-reader-response\"><p role=\"status\" aria-live=\"polite\" aria-atomic=\"true\"><\/p> <ul><\/ul><\/div>\n<form action=\"\/wps\/wp-json\/wp\/v2\/pages\/125#wpcf7-f4273-o1\" method=\"post\" class=\"wpcf7-form init\" aria-label=\"Formulaire de contact\" novalidate=\"novalidate\" data-status=\"init\">\n<fieldset class=\"hidden-fields-container\"><input type=\"hidden\" name=\"_wpcf7\" value=\"4273\" \/><input type=\"hidden\" name=\"_wpcf7_version\" value=\"6.1.5\" \/><input type=\"hidden\" name=\"_wpcf7_locale\" value=\"fr_FR\" \/><input type=\"hidden\" name=\"_wpcf7_unit_tag\" value=\"wpcf7-f4273-o1\" \/><input type=\"hidden\" name=\"_wpcf7_container_post\" value=\"0\" \/><input type=\"hidden\" name=\"_wpcf7_posted_data_hash\" value=\"\" \/><input type=\"hidden\" name=\"_wpcf7_recaptcha_response\" value=\"\" \/>\n<\/fieldset>\n<p><label> Votre nom (obligatoire)<br \/>\n<span class=\"wpcf7-form-control-wrap\" data-name=\"your-name\"><input size=\"40\" maxlength=\"400\" class=\"wpcf7-form-control wpcf7-text wpcf7-validates-as-required\" aria-required=\"true\" aria-invalid=\"false\" value=\"\" type=\"text\" name=\"your-name\" \/><\/span> <\/label>\n<\/p>\n<p><label> Votre adresse de messagerie (obligatoire)<br \/>\n<span class=\"wpcf7-form-control-wrap\" data-name=\"your-email\"><input size=\"40\" maxlength=\"400\" class=\"wpcf7-form-control wpcf7-email wpcf7-validates-as-required wpcf7-text wpcf7-validates-as-email\" aria-required=\"true\" aria-invalid=\"false\" value=\"\" type=\"email\" name=\"your-email\" \/><\/span> <\/label>\n<\/p>\n<p><label> Votre num\u00e9ro de t\u00e9l\u00e9phone <\/label><br \/>\n<span class=\"wpcf7-form-control-wrap\" data-name=\"tel-526\"><input size=\"40\" maxlength=\"400\" class=\"wpcf7-form-control wpcf7-tel wpcf7-text wpcf7-validates-as-tel\" aria-invalid=\"false\" value=\"\" type=\"tel\" name=\"tel-526\" \/><\/span><br \/>\n<label> Votre d\u00e9vis concerne ...<\/label><br \/>\n<span class=\"wpcf7-form-control-wrap\" data-name=\"checkbox-129\"><span class=\"wpcf7-form-control wpcf7-checkbox wpcf7-exclusive-checkbox\"><span class=\"wpcf7-list-item first\"><label><span class=\"wpcf7-list-item-label\">Contr\u00f4le Technique<\/span><input type=\"checkbox\" name=\"checkbox-129\" value=\"Contr\u00f4le Technique\" \/><\/label><\/span><span class=\"wpcf7-list-item\"><label><span class=\"wpcf7-list-item-label\">Inspection<\/span><input type=\"checkbox\" name=\"checkbox-129\" value=\"Inspection\" \/><\/label><\/span><span class=\"wpcf7-list-item\"><label><span class=\"wpcf7-list-item-label\">Essai sur mesures<\/span><input type=\"checkbox\" name=\"checkbox-129\" value=\"Essai sur mesures\" \/><\/label><\/span><span class=\"wpcf7-list-item last\"><label><span class=\"wpcf7-list-item-label\">Autres<\/span><input type=\"checkbox\" name=\"checkbox-129\" value=\"Autres\" \/><\/label><\/span><\/span><\/span><br \/>\n<label> Objet<br \/>\n<span class=\"wpcf7-form-control-wrap\" data-name=\"your-subject\"><input size=\"40\" maxlength=\"400\" class=\"wpcf7-form-control wpcf7-text\" aria-invalid=\"false\" value=\"\" type=\"text\" name=\"your-subject\" \/><\/span> <\/label>\n<\/p>\n<p><label> Votre message<br \/>\n<span class=\"wpcf7-form-control-wrap\" data-name=\"your-message\"><textarea cols=\"40\" rows=\"10\" maxlength=\"2000\" class=\"wpcf7-form-control wpcf7-textarea\" aria-invalid=\"false\" name=\"your-message\"><\/textarea><\/span> <\/label>\n<\/p>\n<p><input class=\"wpcf7-form-control wpcf7-submit has-spinner\" type=\"submit\" value=\"Envoyer\" \/>\n<\/p><div class=\"wpcf7-response-output\" aria-hidden=\"true\"><\/div>\n<\/form>\n<\/div>\n\n","protected":false},"excerpt":{"rendered":"Votre nom (obligatoire) Votre adresse de messagerie (obligatoire) Votre num\u00e9ro de t\u00e9l\u00e9phone Votre d\u00e9vis concerne ... Contr\u00f4le TechniqueInspectionEssai sur mesuresAutres Objet Votre message","protected":false},"author":2,"featured_media":0,"parent":0,"menu_order":0,"comment_status":"closed","ping_status":"closed","template":"","meta":{"footnotes":""},"class_list":["post-125","page","type-page","status-publish","hentry"],"_links":{"self":[{"href":"https:\/\/groupe-alpages.com\/wps\/wp-json\/wp\/v2\/pages\/125","targetHints":{"allow":["GET"]}}],"collection":[{"href":"https:\/\/groupe-alpages.com\/wps\/wp-json\/wp\/v2\/pages"}],"about":[{"href":"https:\/\/groupe-alpages.com\/wps\/wp-json\/wp\/v2\/types\/page"}],"author":[{"embeddable":true,"href":"https:\/\/groupe-alpages.com\/wps\/wp-json\/wp\/v2\/users\/2"}],"replies":[{"embeddable":true,"href":"https:\/\/groupe-alpages.com\/wps\/wp-json\/wp\/v2\/comments?post=125"}],"version-history":[{"count":3,"href":"https:\/\/groupe-alpages.com\/wps\/wp-json\/wp\/v2\/pages\/125\/revisions"}],"predecessor-version":[{"id":4275,"href":"https:\/\/groupe-alpages.com\/wps\/wp-json\/wp\/v2\/pages\/125\/revisions\/4275"}],"wp:attachment":[{"href":"https:\/\/groupe-alpages.com\/wps\/wp-json\/wp\/v2\/media?parent=125"}],"curies":[{"name":"wp","href":"https:\/\/api.w.org\/{rel}","templated":true}]}}