{"id":193,"date":"2017-08-18T13:05:10","date_gmt":"2017-08-18T13:05:10","guid":{"rendered":"http:\/\/localhost\/alp\/?page_id=193"},"modified":"2017-08-18T13:05:10","modified_gmt":"2017-08-18T13:05:10","slug":"guinee","status":"publish","type":"page","link":"https:\/\/groupe-alpages.com\/wps\/francefrance\/guinee\/","title":{"rendered":"Guin\u00e9e"},"content":{"rendered":"<p>[vc_row][vc_column][vc_single_image image=\u00a0\u00bb4576&Prime; img_size=\u00a0\u00bblarge\u00a0\u00bb][vc_column_text]<strong>QUELQUES REFERENCES EN GUINEE CONAKRY<\/strong><br \/>\nLe Bureau de contr\u00f4le ALPAGES dispose des principales r\u00e9f\u00e9rences suivantes en GUINEE (non exhaustif):<br \/>\nMISSIONS DE CONTROLE TECHNIQUE<br \/>\nCLIENT : MINISTERE DE L&rsquo;ENSEIGNEMENT SUPERIEUR ET DE LA RECHERCHE SCIENTIFIQUE<br \/>\nOPERATION: Travaux de construction de la Biblioth\u00e8que Universitaire Centrale de Conakry<br \/>\nMission \u00ab\u00a0L\u00a0\u00bb solidit\u00e9 des ouvrages, \u00ab\u00a0S\u00a0\u00bb s\u00e9curit\u00e9, \u00ab\u00a0P1 + P2 + PV + F\u00a0\u00bb limit\u00e9e aux installations des ascenseurs, de la climatisation et de la plomberie.<br \/>\nAnn\u00e9e 2005[\/vc_column_text][\/vc_column][\/vc_row]<\/p>\n","protected":false},"excerpt":{"rendered":"<p>[vc_row][vc_column][vc_single_image image=\u00a0\u00bb4576&Prime; img_size=\u00a0\u00bblarge\u00a0\u00bb][vc_column_text]QUELQUES REFERENCES EN GUINEE CONAKRY Le Bureau de contr\u00f4le ALPAGES dispose des principales r\u00e9f\u00e9rences suivantes en GUINEE (non exhaustif): MISSIONS DE CONTROLE TECHNIQUE CLIENT : MINISTERE DE L&rsquo;ENSEIGNEMENT SUPERIEUR ET DE LA RECHERCHE SCIENTIFIQUE OPERATION: Travaux de construction de la Biblioth\u00e8que Universitaire Centrale de Conakry Mission \u00ab\u00a0L\u00a0\u00bb solidit\u00e9 des ouvrages, \u00ab\u00a0S\u00a0\u00bb s\u00e9curit\u00e9, \u00ab\u00a0P1<\/p>\n","protected":false},"author":2,"featured_media":0,"parent":131,"menu_order":0,"comment_status":"closed","ping_status":"closed","template":"","meta":{"footnotes":""},"class_list":["post-193","page","type-page","status-publish","hentry"],"_links":{"self":[{"href":"https:\/\/groupe-alpages.com\/wps\/wp-json\/wp\/v2\/pages\/193","targetHints":{"allow":["GET"]}}],"collection":[{"href":"https:\/\/groupe-alpages.com\/wps\/wp-json\/wp\/v2\/pages"}],"about":[{"href":"https:\/\/groupe-alpages.com\/wps\/wp-json\/wp\/v2\/types\/page"}],"author":[{"embeddable":true,"href":"https:\/\/groupe-alpages.com\/wps\/wp-json\/wp\/v2\/users\/2"}],"replies":[{"embeddable":true,"href":"https:\/\/groupe-alpages.com\/wps\/wp-json\/wp\/v2\/comments?post=193"}],"version-history":[{"count":0,"href":"https:\/\/groupe-alpages.com\/wps\/wp-json\/wp\/v2\/pages\/193\/revisions"}],"up":[{"embeddable":true,"href":"https:\/\/groupe-alpages.com\/wps\/wp-json\/wp\/v2\/pages\/131"}],"wp:attachment":[{"href":"https:\/\/groupe-alpages.com\/wps\/wp-json\/wp\/v2\/media?parent=193"}],"curies":[{"name":"wp","href":"https:\/\/api.w.org\/{rel}","templated":true}]}}