{"id":2321,"date":"2017-11-22T12:01:53","date_gmt":"2017-11-22T11:01:53","guid":{"rendered":"http:\/\/www.pauvs.org\/wps\/?page_id=895"},"modified":"2017-11-22T12:01:53","modified_gmt":"2017-11-22T11:01:53","slug":"cemia","status":"publish","type":"page","link":"https:\/\/groupe-alpages.com\/wps\/filiales\/cemia\/","title":{"rendered":"Cemia"},"content":{"rendered":"<p style=\"text-align: justify;\">Le Centre d&rsquo;Essai M\u00e9caniques Industriels et d&rsquo;analyses (CEMIA) a \u00e9t\u00e9 cr\u00e9e pour accompagner les entreprises du BTP et les promoteurs industriels dans leur projets de construction et de cr\u00e9ation. Il contribue aussi aux analyses et essais des produits du BTP soumis \u00e0 une r\u00e9glementation avant leur mise en sur le march\u00e9.<\/p>\n<p><img loading=\"lazy\" decoding=\"async\" class=\"alignnone wp-image-845\" src=\"http:\/\/www.pauvs.org\/wps\/wp-content\/uploads\/2017\/11\/essai-300x131.jpg\" alt=\"\" width=\"423\" height=\"185\" \/><\/p>\n<p style=\"text-align: justify;\">Le CEMIA dispose d&rsquo;un laboratoire d&rsquo;essais m\u00e9caniques et d&rsquo;analyses dot\u00e9 d&rsquo;\u00e9quipement de derni\u00e8re g\u00e9n\u00e9ration D\u00e9sormais les entreprises du BTP\u00a0 pourront faire faire des essais de compression d&rsquo;\u00e9prouvettes en b\u00e9ton ou mortiers, les essais de flexion sur agglom\u00e9r\u00e9s, les essais d&rsquo;identification et de caract\u00e9risation des sols et m\u00eame des essais de tractions sur fers \u00e0 b\u00e9ton chez CEMIA.<\/p>\n<p style=\"text-align: justify;\">En outre le CEMIA accompagne les projets globaux comprenant des \u00e9tudes d&rsquo;impact environnemental, des analyses d&rsquo;eaux r\u00e9siduaires ou d&rsquo;alimentation, des tests de pollutions diverses, des recherches de nappes d&rsquo;eau, des \u00e9tudes de bassins versants, etc. Ces \u00e9tudes peuvent n\u00e9cessiter des mesures, des analyses et\/ou des calculs selon un r\u00e9f\u00e9rentiel convenu.<\/p>\n<p style=\"text-align: justify;\">il dispose d&rsquo;un personnel qualifi\u00e9 et exp\u00e9riment\u00e9 comportant des g\u00e9ologues-g\u00e9otechniciens, ing\u00e9nieurs g\u00e9nie civil et environnementaux, sp\u00e9cialistes en m\u00e9tallurgie, ainsi que d&rsquo;un partenariat avec des laboratoires de r\u00e9f\u00e9rence dans des pays comme le Maroc ou la France, ce qui lui permet de r\u00e9pondre aux sollicitations les plus diverses.<\/p>\n<h2><span style=\"color: #ff6600;\">Principales activit\u00e9s<\/span><\/h2>\n<p><span style=\"color: #993300;\"><strong>I. LES ESSAIS MECANIQUES <\/strong><\/span><\/p>\n<ol>\n<li><strong>Essais sur mat\u00e9rieux sol :<\/strong>\n<ul>\n<li>Etudes de sondages des carri\u00e8res et emprunts<\/li>\n<li>Identification classique (Granulom\u00e9trie, limite d&rsquo;Atterberg)<\/li>\n<li>Essai Proctor normal ou modifi\u00e9<\/li>\n<li>Essai de portance CBR<\/li>\n<li>Densit\u00e9 s\u00e8che et humide<\/li>\n<li>Mesures de compacit\u00e9s<\/li>\n<li>Coh\u00e9sion et angle de frottement interne(essai de cisaillement)<\/li>\n<\/ul>\n<\/li>\n<li><strong>Essais sur Bitumes<\/strong>\n<ul>\n<li>Viscosit\u00e9s, p\u00e9n\u00e9trom\u00e8tres,bille anneaux, extraction et mesures de fluages<\/li>\n<\/ul>\n<\/li>\n<li><strong>Essais sur b\u00e9tons bitumineux <\/strong>\n<ul>\n<li>Essais de compression sur b\u00e9tons bitumineux<\/li>\n<li>Essais de DURIEZ<\/li>\n<li>Essais de MARSHALL<\/li>\n<\/ul>\n<\/li>\n<li><strong>Essais sur b\u00e9tons mortiers et terre cuite<\/strong>\n<ul>\n<li>Etudes de formulation de b\u00e9ton hydraulique<\/li>\n<li>Essais de compression sur \u00e9prouvettes b\u00e9ton de compression sur \u00e9prouvettes b\u00e9ton normalis\u00e9es cylindriques<\/li>\n<li>Essais de flexion sur agglom\u00e9r\u00e9s de ciment<\/li>\n<li>Essais de compression sur \u00e9prouvettes de mortier en d\u00e9s normalis\u00e9s<\/li>\n<li>Los Angeles<\/li>\n<li>Mesures de r\u00e9sistance du b\u00e9ton par le scl\u00e9rom\u00e8tre<\/li>\n<li>Mesures de compression et flexion sur \u00e9l\u00e9ments en terre cuite<\/li>\n<\/ul>\n<\/li>\n<li><strong>Essais sur armatures de construction en acier <\/strong>\n<ul>\n<li>Essai de traction (fer \u00e0 b\u00e9ton et autres alliages)<\/li>\n<\/ul>\n<\/li>\n<\/ol>\n<h2><span style=\"color: #ff6600;\">Autres types d&rsquo;essais et d&rsquo;analyses<\/span><\/h2>\n<p><span style=\"color: #993300;\"><strong style=\"font-size: 1rem;\">II.ESSAIS DESTRUCTIFS<\/strong><\/span><\/p>\n<ol>\n<li style=\"list-style-type: none;\">\n<ul>\n<li>Contr\u00f4le de soudure par magn\u00e9toscopie ou Ressuage<\/li>\n<li>Thermographie infrarouge<\/li>\n<li>Contr\u00f4le du ferraillage du b\u00e9ton au pachm\u00e8tre<\/li>\n<li>Contr\u00f4le de r\u00e9sistance du b\u00e9ton au scl\u00e9rom\u00e8tre<\/li>\n<li>Mesurage de fissures et suivi de fissuration<\/li>\n<li>Analyse vibratoire pour les machines tournantes dans l&rsquo;industrie<\/li>\n<\/ul>\n<\/li>\n<\/ol>\n<p><span style=\"color: #993300;\"><strong style=\"font-size: 1rem;\">III.ANALYSES ET MESURES (NON EXHAUSTIF)<\/strong><\/span><\/p>\n<ol>\n<li style=\"list-style-type: none;\">\n<ul>\n<li>Mesures de pollution DBO et DCO<\/li>\n<li>Contr\u00f4le amiante<\/li>\n<li>Mesures d&rsquo;\u00e9paisseurs<\/li>\n<li>Mesures de duret\u00e9<\/li>\n<li>Mesurage d&rsquo;humidit\u00e9<\/li>\n<li>Pr\u00e9sence de gaz<\/li>\n<\/ul>\n<\/li>\n<\/ol>\n<p><span style=\"color: #993300;\"><strong style=\"font-size: 1rem;\">IV.MANAGEMENT ENVIRONNEMENTAL ET LA SECURITE<\/strong><\/span><\/p>\n<ol>\n<li style=\"list-style-type: none;\">\n<ul>\n<li>Assistance technique pour l&rsquo;implantation de Syst\u00e8me de Management Environnemental (SME) selon la norme ISO 14001,<\/li>\n<li>R\u00e9alisation de diagnostic de mise \u00e0 niveau &lsquo;fonction environnement et s\u00e9curit\u00e9&rsquo;,<\/li>\n<li>R\u00e9alisation d&rsquo;audits environnementaux<\/li>\n<li>\u00c9valuation Environnementale Initiale<\/li>\n<li>Analyse des risques environnementaux<\/li>\n<li>Aide \u00e0 la mise en place des plans de minimisation \u00e9conomique de l&rsquo;impact environnemental,<\/li>\n<li>Assistance technique en organisation et gestion des d\u00e9chets industriels,<\/li>\n<li>Conseil aux entreprises pour l&rsquo;am\u00e9lioration des techniques de manipulation, de stockage et de transport de mati\u00e8res dangereuses(TMD)<\/li>\n<li>Assistance aux industriels pour r\u00e9soudre des probl\u00e8mes environnementaux sp\u00e9cifiques<\/li>\n<li>Management de la Sant\u00e9 et de la S\u00e9curit\u00e9 au travail<\/li>\n<\/ul>\n<\/li>\n<\/ol>\n<p><span style=\"color: #993300;\"><strong style=\"font-size: 1rem;\">IV.EXPERTISES<\/strong><\/span><\/p>\n<p style=\"text-align: justify;\">Les prestations d&rsquo;expertise, de diagnostic visuel ou en utilisant des moyens appropri\u00e9s sur un produit, un \u00e9quipement, ou une cause de processus. Cet avis concerne l&rsquo;\u00e9tat, le fonctionnement, les conditions d&rsquo;utilisation, de s\u00e9curit\u00e9 et de la qualit\u00e9, ou pr\u00e9senter une analyse des observations et diagnostic de l&rsquo;objet expertis\u00e9. s&rsquo;il s&rsquo;agit de plusieurs \u00e9quipements, l&rsquo;avis est donn\u00e9 pour chaque bien et ce suite \u00e0 un inventaire. cet inventaire consiste \u00e0 identifier et quantifier les objets, ou \u00e9quipements.<\/p>\n<hr \/>\n<p style=\"text-align: center;\"><span style=\"color: #800000;\"><strong>CEMIA SARL, VILLA N\u00b0 4108, Amiti\u00e9 2 Dakar<\/strong><\/span><br \/>\n<span style=\"color: #800000;\"><strong>\u00a0 \u00a0Tel : +221 33 825 51 74\u00a0 \u00a0Fax : +221 33 824 51 28<\/strong><\/span><br \/>\n<span style=\"color: #800000;\"><strong>\u00a0 \u00a0 \u00a0 \u00a0 \u00a0 \u00a0 cemia.senegal@gmail.c<\/strong><strong>om<\/strong><\/span><\/p>\n","protected":false},"excerpt":{"rendered":"<p>Le Centre d&rsquo;Essai M\u00e9caniques Industriels et d&rsquo;analyses (CEMIA) a \u00e9t\u00e9 cr\u00e9e pour accompagner les entreprises du BTP et les promoteurs industriels dans leur projets de construction et de cr\u00e9ation. Il contribue aussi aux analyses et essais des produits du BTP soumis \u00e0 une r\u00e9glementation avant leur mise en sur le march\u00e9. Le CEMIA dispose d&rsquo;un<\/p>\n","protected":false},"author":1,"featured_media":0,"parent":478,"menu_order":0,"comment_status":"closed","ping_status":"closed","template":"","meta":{"footnotes":""},"class_list":["post-2321","page","type-page","status-publish","hentry"],"_links":{"self":[{"href":"https:\/\/groupe-alpages.com\/wps\/wp-json\/wp\/v2\/pages\/2321","targetHints":{"allow":["GET"]}}],"collection":[{"href":"https:\/\/groupe-alpages.com\/wps\/wp-json\/wp\/v2\/pages"}],"about":[{"href":"https:\/\/groupe-alpages.com\/wps\/wp-json\/wp\/v2\/types\/page"}],"author":[{"embeddable":true,"href":"https:\/\/groupe-alpages.com\/wps\/wp-json\/wp\/v2\/users\/1"}],"replies":[{"embeddable":true,"href":"https:\/\/groupe-alpages.com\/wps\/wp-json\/wp\/v2\/comments?post=2321"}],"version-history":[{"count":0,"href":"https:\/\/groupe-alpages.com\/wps\/wp-json\/wp\/v2\/pages\/2321\/revisions"}],"up":[{"embeddable":true,"href":"https:\/\/groupe-alpages.com\/wps\/wp-json\/wp\/v2\/pages\/478"}],"wp:attachment":[{"href":"https:\/\/groupe-alpages.com\/wps\/wp-json\/wp\/v2\/media?parent=2321"}],"curies":[{"name":"wp","href":"https:\/\/api.w.org\/{rel}","templated":true}]}}