{"id":2322,"date":"2018-01-15T10:26:53","date_gmt":"2018-01-15T09:26:53","guid":{"rendered":"http:\/\/www.pauvs.org\/wps\/?page_id=923"},"modified":"2020-04-27T23:26:11","modified_gmt":"2020-04-27T23:26:11","slug":"commerce-transport-logistique","status":"publish","type":"page","link":"https:\/\/groupe-alpages.com\/wps\/commerce-transport-logistique\/","title":{"rendered":"Commerce &#8211; Transport logistique"},"content":{"rendered":"\n<p>Le contr\u00f4le technique en terme de commerce et transport logistique ob\u00e9it \u00e0 certains crit\u00e8res notamment<\/p>\n\n\n\n<ul class=\"wp-block-list\">\r\n<li>L\u2019identification des marchandises<\/li>\r\n<li>Le choix de leur conditionnement<\/li>\r\n<li>Les r\u00e8gles de chargement<\/li>\r\n<li>La signalisation des colis et le placardage des v\u00e9hicules<\/li>\r\n<li>La formation du personnel<\/li>\r\n<li>La mise en \u0153uvre d\u2019un plan de s\u00fbret\u00e9\u2026<\/li>\r\n<\/ul>\r\n<p>&nbsp;<\/p>\r\n<p><img loading=\"lazy\" decoding=\"async\" width=\"570\" height=\"330\" class=\"wp-image-4197 aligncenter\" style=\"width: 570px;\" src=\"https:\/\/groupe-alpages.com\/wps\/wp-content\/uploads\/2020\/04\/Transport-logistqie.jpg\" alt=\"\" \/><br \/><strong>Dans cette optique le bureau de contr\u00f4le se chargera de : <\/strong><\/p>\r\n<ul>\r\n<li>la r\u00e9daction et affichage de consignes d\u2019exp\u00e9dition<\/li>\r\n<li>la r\u00e9daction de protocoles de s\u00e9curit\u00e9<\/li>\r\n<li>la r\u00e9daction de proc\u00e9dures et modes op\u00e9ratoires de chargement et de d\u00e9chargement<\/li>\r\n<li>l&rsquo;\u00e9laboration du plan de s\u00fbret\u00e9 \u2026<\/li>\r\n<\/ul>\n","protected":false},"excerpt":{"rendered":"<p>Le contr\u00f4le technique en terme de commerce et transport logistique ob\u00e9it \u00e0 certains crit\u00e8res notamment L\u2019identification des marchandises Le choix de leur conditionnement Les r\u00e8gles de chargement La signalisation des colis et le placardage des v\u00e9hicules La formation du personnel La mise en \u0153uvre d\u2019un plan de s\u00fbret\u00e9\u2026 &nbsp; Dans cette optique le bureau de<\/p>\n","protected":false},"author":1,"featured_media":0,"parent":0,"menu_order":0,"comment_status":"closed","ping_status":"closed","template":"","meta":{"footnotes":""},"class_list":["post-2322","page","type-page","status-publish","hentry"],"_links":{"self":[{"href":"https:\/\/groupe-alpages.com\/wps\/wp-json\/wp\/v2\/pages\/2322","targetHints":{"allow":["GET"]}}],"collection":[{"href":"https:\/\/groupe-alpages.com\/wps\/wp-json\/wp\/v2\/pages"}],"about":[{"href":"https:\/\/groupe-alpages.com\/wps\/wp-json\/wp\/v2\/types\/page"}],"author":[{"embeddable":true,"href":"https:\/\/groupe-alpages.com\/wps\/wp-json\/wp\/v2\/users\/1"}],"replies":[{"embeddable":true,"href":"https:\/\/groupe-alpages.com\/wps\/wp-json\/wp\/v2\/comments?post=2322"}],"version-history":[{"count":3,"href":"https:\/\/groupe-alpages.com\/wps\/wp-json\/wp\/v2\/pages\/2322\/revisions"}],"predecessor-version":[{"id":4199,"href":"https:\/\/groupe-alpages.com\/wps\/wp-json\/wp\/v2\/pages\/2322\/revisions\/4199"}],"wp:attachment":[{"href":"https:\/\/groupe-alpages.com\/wps\/wp-json\/wp\/v2\/media?parent=2322"}],"curies":[{"name":"wp","href":"https:\/\/api.w.org\/{rel}","templated":true}]}}