{"id":2323,"date":"2018-01-15T10:31:19","date_gmt":"2018-01-15T09:31:19","guid":{"rendered":"http:\/\/www.pauvs.org\/wps\/?page_id=927"},"modified":"2020-04-27T23:36:37","modified_gmt":"2020-04-27T23:36:37","slug":"securite-des-donnees","status":"publish","type":"page","link":"https:\/\/groupe-alpages.com\/wps\/securite-des-donnees\/","title":{"rendered":"S\u00e9curit\u00e9 des donn\u00e9es"},"content":{"rendered":"\n<p style=\"text-align: justify;\" align=\"Justify\">L\u2019avenir appartient \u00e0 celui qui dispose de l\u2019information, c\u2019est ce qui justifie l\u2019enjeu que constituent l\u2019acquisition de donn\u00e9es et leur s\u00e9curisation. Outre la gestion \u00e9lectronique des donn\u00e9es(GED) comportant notamment l\u2019archivage \u00e9lectronique des documents et pratiqu\u00e9e par les soci\u00e9t\u00e9s priv\u00e9es, il y a d\u00e9sormais la mise en place de Centres de Donn\u00e9es appel\u00e9s DATA CENTER. <\/p>\n<p style=\"text-align: justify;\" align=\"Justify\"><img loading=\"lazy\" decoding=\"async\" class=\"wp-image-4119 aligncenter\" src=\"https:\/\/groupe-alpages.com\/wps\/wp-content\/uploads\/2020\/04\/securite-donn\u00e9es-768x456.jpg\" alt=\"\" width=\"585\" height=\"347\" srcset=\"https:\/\/groupe-alpages.com\/wps\/wp-content\/uploads\/2020\/04\/securite-donn\u00e9es-768x456.jpg 768w, https:\/\/groupe-alpages.com\/wps\/wp-content\/uploads\/2020\/04\/securite-donn\u00e9es-1170x694.jpg 1170w, https:\/\/groupe-alpages.com\/wps\/wp-content\/uploads\/2020\/04\/securite-donn\u00e9es-440x260.jpg 440w, https:\/\/groupe-alpages.com\/wps\/wp-content\/uploads\/2020\/04\/securite-donn\u00e9es-390x231.jpg 390w, https:\/\/groupe-alpages.com\/wps\/wp-content\/uploads\/2020\/04\/securite-donn\u00e9es-220x130.jpg 220w\" sizes=\"auto, (max-width: 585px) 100vw, 585px\" \/><br><br><br>Ces usines de donn\u00e9es doivent \u00eatre construites selon des r\u00e8gles de s\u00e9curit\u00e9 tr\u00e8s strictes et gradu\u00e9es selon le niveau requis, et les installations doivent r\u00e9pondre \u00e0 des dispositions de s\u00e9curit\u00e9 de fonctionnement appropri\u00e9es. ALPAGES assiste le promoteur ou l\u2019Etat dans son projet, r\u00e9alise le contr\u00f4le des ouvrages et installations et assure le contr\u00f4le p\u00e9riodique des installations en vue de limiter les risques de dysfonctionnement dont les cons\u00e9quences peuvent \u00eatre catastrophiques<\/p>\n","protected":false},"excerpt":{"rendered":"<p>L\u2019avenir appartient \u00e0 celui qui dispose de l\u2019information, c\u2019est ce qui justifie l\u2019enjeu que constituent l\u2019acquisition de donn\u00e9es et leur s\u00e9curisation. Outre la gestion \u00e9lectronique des donn\u00e9es(GED) comportant notamment l\u2019archivage \u00e9lectronique des documents et pratiqu\u00e9e par les soci\u00e9t\u00e9s priv\u00e9es, il y a d\u00e9sormais la mise en place de Centres de Donn\u00e9es appel\u00e9s DATA CENTER. Ces<\/p>\n","protected":false},"author":1,"featured_media":0,"parent":0,"menu_order":0,"comment_status":"closed","ping_status":"closed","template":"","meta":{"footnotes":""},"class_list":["post-2323","page","type-page","status-publish","hentry"],"_links":{"self":[{"href":"https:\/\/groupe-alpages.com\/wps\/wp-json\/wp\/v2\/pages\/2323","targetHints":{"allow":["GET"]}}],"collection":[{"href":"https:\/\/groupe-alpages.com\/wps\/wp-json\/wp\/v2\/pages"}],"about":[{"href":"https:\/\/groupe-alpages.com\/wps\/wp-json\/wp\/v2\/types\/page"}],"author":[{"embeddable":true,"href":"https:\/\/groupe-alpages.com\/wps\/wp-json\/wp\/v2\/users\/1"}],"replies":[{"embeddable":true,"href":"https:\/\/groupe-alpages.com\/wps\/wp-json\/wp\/v2\/comments?post=2323"}],"version-history":[{"count":5,"href":"https:\/\/groupe-alpages.com\/wps\/wp-json\/wp\/v2\/pages\/2323\/revisions"}],"predecessor-version":[{"id":4205,"href":"https:\/\/groupe-alpages.com\/wps\/wp-json\/wp\/v2\/pages\/2323\/revisions\/4205"}],"wp:attachment":[{"href":"https:\/\/groupe-alpages.com\/wps\/wp-json\/wp\/v2\/media?parent=2323"}],"curies":[{"name":"wp","href":"https:\/\/api.w.org\/{rel}","templated":true}]}}