{"id":277,"date":"2017-08-18T18:04:41","date_gmt":"2017-08-18T18:04:41","guid":{"rendered":"http:\/\/localhost\/alp\/?page_id=277"},"modified":"2020-04-27T21:30:35","modified_gmt":"2020-04-27T21:30:35","slug":"batiment","status":"publish","type":"page","link":"https:\/\/groupe-alpages.com\/wps\/batiment\/","title":{"rendered":"B\u00e2timent"},"content":{"rendered":"<p align=\"justify\"><span style=\"font-family: Arial, Helvetica, sans-serif; font-size: medium;\"><br \/>\nDans les b\u00e2timents comme sur les chantiers,<br \/>\n<strong>notre mission porte sur la solidit\u00e9 des ouvrages, la s\u00e9curit\u00e9 des personnes et la sauvegarde des biens<\/strong>.<\/span><\/p>\n<p align=\"justify\"><img loading=\"lazy\" decoding=\"async\" class=\" wp-image-4175 aligncenter\" src=\"https:\/\/groupe-alpages.com\/wps\/wp-content\/uploads\/2020\/04\/cbao-768x456.jpg\" alt=\"\" width=\"518\" height=\"308\" srcset=\"https:\/\/groupe-alpages.com\/wps\/wp-content\/uploads\/2020\/04\/cbao-768x456.jpg 768w, https:\/\/groupe-alpages.com\/wps\/wp-content\/uploads\/2020\/04\/cbao-1170x694.jpg 1170w, https:\/\/groupe-alpages.com\/wps\/wp-content\/uploads\/2020\/04\/cbao-390x231.jpg 390w, https:\/\/groupe-alpages.com\/wps\/wp-content\/uploads\/2020\/04\/cbao-220x130.jpg 220w\" sizes=\"auto, (max-width: 518px) 100vw, 518px\" \/><\/p>\n<p align=\"justify\"><span style=\"font-family: Arial, Helvetica, sans-serif; font-size: medium;\"> Il s\u2019agit des b\u00e2timents et ouvrages suivants :<\/span><\/p>\n<ul>\n<li><span style=\"font-family: Arial, Helvetica, sans-serif; font-size: medium;\">\u00a0B\u00e2timents d\u2019habitation individuelle et collective<\/span><\/li>\n<li><span style=\"font-family: Arial, Helvetica, sans-serif; font-size: medium;\">Etablissements recevant du public (ERP)<\/span><\/li>\n<li><span style=\"font-family: Arial, Helvetica, sans-serif; font-size: medium;\">Etablissement recevant des travailleurs (ERT)<\/span><\/li>\n<li><span style=\"font-family: Arial, Helvetica, sans-serif; font-size: medium;\">Immeubles de grande hauteur (IGH)<\/span><\/li>\n<li><span style=\"font-family: Arial, Helvetica, sans-serif; font-size: medium;\">B\u00e2timents industriels, publics et tertiaires<\/span><\/li>\n<li><span style=\"font-family: Arial, Helvetica, sans-serif; font-size: medium;\">Monuments historiques<\/span><\/li>\n<li><span style=\"font-family: Arial, Helvetica, sans-serif; font-size: medium;\">Ponts et viaduc<\/span><\/li>\n<\/ul>\n<p align=\"justify\">\n","protected":false},"excerpt":{"rendered":"<p>Dans les b\u00e2timents comme sur les chantiers, notre mission porte sur la solidit\u00e9 des ouvrages, la s\u00e9curit\u00e9 des personnes et la sauvegarde des biens. Il s\u2019agit des b\u00e2timents et ouvrages suivants : \u00a0B\u00e2timents d\u2019habitation individuelle et collective Etablissements recevant du public (ERP) Etablissement recevant des travailleurs (ERT) Immeubles de grande hauteur (IGH) B\u00e2timents industriels, publics<\/p>\n","protected":false},"author":2,"featured_media":1033,"parent":0,"menu_order":0,"comment_status":"closed","ping_status":"closed","template":"","meta":{"footnotes":""},"class_list":["post-277","page","type-page","status-publish","has-post-thumbnail","hentry"],"_links":{"self":[{"href":"https:\/\/groupe-alpages.com\/wps\/wp-json\/wp\/v2\/pages\/277","targetHints":{"allow":["GET"]}}],"collection":[{"href":"https:\/\/groupe-alpages.com\/wps\/wp-json\/wp\/v2\/pages"}],"about":[{"href":"https:\/\/groupe-alpages.com\/wps\/wp-json\/wp\/v2\/types\/page"}],"author":[{"embeddable":true,"href":"https:\/\/groupe-alpages.com\/wps\/wp-json\/wp\/v2\/users\/2"}],"replies":[{"embeddable":true,"href":"https:\/\/groupe-alpages.com\/wps\/wp-json\/wp\/v2\/comments?post=277"}],"version-history":[{"count":2,"href":"https:\/\/groupe-alpages.com\/wps\/wp-json\/wp\/v2\/pages\/277\/revisions"}],"predecessor-version":[{"id":4177,"href":"https:\/\/groupe-alpages.com\/wps\/wp-json\/wp\/v2\/pages\/277\/revisions\/4177"}],"wp:featuredmedia":[{"embeddable":true,"href":"https:\/\/groupe-alpages.com\/wps\/wp-json\/"}],"wp:attachment":[{"href":"https:\/\/groupe-alpages.com\/wps\/wp-json\/wp\/v2\/media?parent=277"}],"curies":[{"name":"wp","href":"https:\/\/api.w.org\/{rel}","templated":true}]}}