{"id":281,"date":"2017-08-18T18:04:47","date_gmt":"2017-08-18T18:04:47","guid":{"rendered":"http:\/\/localhost\/alp\/?page_id=281"},"modified":"2020-04-28T00:41:29","modified_gmt":"2020-04-28T00:41:29","slug":"ouvrages-speciaux","status":"publish","type":"page","link":"https:\/\/groupe-alpages.com\/wps\/ouvrages-speciaux\/","title":{"rendered":"Ouvrages sp\u00e9ciaux"},"content":{"rendered":"<p>[vc_row][vc_column][vc_single_image image=\u00a0\u00bb4246&Prime; img_size=\u00a0\u00bbmedium\u00a0\u00bb][vc_column_text]<\/p>\n<p style=\"text-align: justify;\" align=\"justify\"><strong>Dans les ouvrages sp\u00e9ciaux, notre mission porte sur la solidit\u00e9 des ouvrages, la s\u00e9curit\u00e9 des personnes et la sauvegarde des biens<\/strong>. Nos \u00e9quipes vous accompagnent d\u00e8s la conception des ouvrages lors du choix des options techniques et assurent le contr\u00f4le en phase r\u00e9alisation des ouvrages A titre d&rsquo;exemples, ALPAGES dispose de bonnes r\u00e9f\u00e9rences concernant :<\/p>\n<p style=\"text-align: justify;\" align=\"justify\"><span style=\"font-size: 1rem;\">\u2022 Les silos,<\/span><\/p>\n<p style=\"text-align: justify;\" align=\"justify\">\u2022 Les cuves, r\u00e9servoirs et tanks,<\/p>\n<p style=\"text-align: justify;\" align=\"justify\">\u2022 Les pyl\u00f4nes,<\/p>\n<p style=\"text-align: justify;\" align=\"justify\">\u2022 Les ch\u00e2teaux d\u2019eau,<\/p>\n<div style=\"text-align: justify;\" align=\"center\">\n<div align=\"justify\">\u2022 Les fondations sp\u00e9ciales,<\/div>\n<\/div>\n<div align=\"center\">\n<p style=\"text-align: justify;\" align=\"justify\">\u2022 Le cuvelage.<\/p>\n<\/div>\n<p>[\/vc_column_text][\/vc_column][\/vc_row]<\/p>\n","protected":false},"excerpt":{"rendered":"<p>[vc_row][vc_column][vc_single_image image=\u00a0\u00bb4246&Prime; img_size=\u00a0\u00bbmedium\u00a0\u00bb][vc_column_text] Dans les ouvrages sp\u00e9ciaux, notre mission porte sur la solidit\u00e9 des ouvrages, la s\u00e9curit\u00e9 des personnes et la sauvegarde des biens. Nos \u00e9quipes vous accompagnent d\u00e8s la conception des ouvrages lors du choix des options techniques et assurent le contr\u00f4le en phase r\u00e9alisation des ouvrages A titre d&rsquo;exemples, ALPAGES dispose de bonnes<\/p>\n","protected":false},"author":2,"featured_media":0,"parent":0,"menu_order":0,"comment_status":"closed","ping_status":"closed","template":"","meta":{"footnotes":""},"class_list":["post-281","page","type-page","status-publish","hentry"],"_links":{"self":[{"href":"https:\/\/groupe-alpages.com\/wps\/wp-json\/wp\/v2\/pages\/281","targetHints":{"allow":["GET"]}}],"collection":[{"href":"https:\/\/groupe-alpages.com\/wps\/wp-json\/wp\/v2\/pages"}],"about":[{"href":"https:\/\/groupe-alpages.com\/wps\/wp-json\/wp\/v2\/types\/page"}],"author":[{"embeddable":true,"href":"https:\/\/groupe-alpages.com\/wps\/wp-json\/wp\/v2\/users\/2"}],"replies":[{"embeddable":true,"href":"https:\/\/groupe-alpages.com\/wps\/wp-json\/wp\/v2\/comments?post=281"}],"version-history":[{"count":1,"href":"https:\/\/groupe-alpages.com\/wps\/wp-json\/wp\/v2\/pages\/281\/revisions"}],"predecessor-version":[{"id":4247,"href":"https:\/\/groupe-alpages.com\/wps\/wp-json\/wp\/v2\/pages\/281\/revisions\/4247"}],"wp:attachment":[{"href":"https:\/\/groupe-alpages.com\/wps\/wp-json\/wp\/v2\/media?parent=281"}],"curies":[{"name":"wp","href":"https:\/\/api.w.org\/{rel}","templated":true}]}}