{"id":433,"date":"2017-10-29T22:12:54","date_gmt":"2017-10-29T22:12:54","guid":{"rendered":"http:\/\/www.alpages.sn\/wp\/?page_id=43"},"modified":"2017-10-29T22:12:54","modified_gmt":"2017-10-29T22:12:54","slug":"historique-2","status":"publish","type":"page","link":"https:\/\/groupe-alpages.com\/wps\/historique-2\/","title":{"rendered":"Historique"},"content":{"rendered":"<p><b>ALPAGES<\/b>\u00a0le groupe<br \/>\n<img loading=\"lazy\" decoding=\"async\" class=\"size-full wp-image-40 alignright\" src=\"http:\/\/localhost\/alp\/wp-content\/uploads\/2017\/08\/BossAlpages.jpg\" alt=\"\" width=\"245\" height=\"225\" \/>Soci\u00e9t\u00e9 de droit s\u00e9n\u00e9galais, ALPAGES intervient dans le domaine du contr\u00f4le technique et r\u00e9glementaire. Cr\u00e9\u00e9e en 1999 par Monsieur Bruno d\u2019ERNEVILLE apr\u00e8s une 1<sup>\u00e8re<\/sup>\u00a0partie de carri\u00e8re r\u00e9ussie en France aupr\u00e8s d\u2019un grand groupe de contr\u00f4le technique, la soci\u00e9t\u00e9 s\u2019est impos\u00e9e dans la sous r\u00e9gion comme l\u2019une des plus en vue sur les aspects\u00a0normatifs et r\u00e9glementaires. Forte d&rsquo;une cinquantaine de personnes Ing\u00e9nieurs, Techniciens et Administratifs nos \u00e9quipes interviennent partout en Afrique soit \u00e0 travers la Maison M\u00e8re \u00e0 Dakar, soit \u00e0 travers ses filiales.<\/p>\n<p>Dans ces pays o\u00f9 nous sommes, nos experts participent \u00e0 la construction de la normalisation nationale et sous r\u00e9gionale. ALPAGES assure \u00e0 cet effet la vice pr\u00e9sidence du r\u00e9seau BTP\/UEMOA dont le si\u00e8ge est \u00e0 Ouagadougou \/ Burkina Faso.<\/p>\n<div align=\"justify\">ALPAGES notre logo, partie int\u00e9grante de notre personnalit\u00e9\u00a0: le logo ALPAGES est un triangle noir flanqu\u00e9 d&rsquo;un hippocampe stylis\u00e9 tricolore aux couleurs de feu.<br \/>\nCe logo refl\u00e8te parfaitement nos ambitions\u00a0:<\/div>\n<div align=\"justify\">Constituer une organisation de r\u00e9f\u00e9rence stable (le triangle) tourn\u00e9e vers le progr\u00e8s (symbole de la montagne et de l&rsquo;ascension) par l&rsquo;acquisition de connaissances (l&rsquo;hippocampe repr\u00e9sentant la zone \u00ab\u00a0m\u00e9moire\u00a0\u00bb du cerveau humain). La\u00a0couleur de feu indique notre m\u00e9tier la pr\u00e9vention des risques dont l&rsquo;incendie occupe une part importante.<\/div>\n<div align=\"justify\"><strong><br \/>\nNotre ambition<\/strong><\/div>\n<div align=\"justify\">La volont\u00e9 affich\u00e9e de notre groupe est de construire une expertise Africaine de pointe s&rsquo;appuyant sur un r\u00e9seau d&rsquo;\u00e9changes scientifiques utilisant les ressources les plus modernes. Cette expertise est n\u00e9cessairement\u00a0impliqu\u00e9e \u00e0 tous les niveaux de la construction des normes Africaines et participe \u00e0 la veille technologique et aux discussions strat\u00e9giques au plan international\u00a0pour la sauvegarde des int\u00e9r\u00eats du continent.<\/div>\n<div align=\"justify\"><strong>\u00a0Nos r\u00e9alisations-\u00e9tendards\u00a0:<\/strong><\/div>\n<div align=\"justify\">En moins de 10 ann\u00e9es, notre groupe s&rsquo;est distingu\u00e9 sur plusieurs fronts\u00a0:<\/div>\n<div align=\"justify\">\n<ul>\n<li>\n<div>Assistance technique au BET CA-DEM Technologie pour mod\u00e9lisation et dimensionnement, d&rsquo;une charpente en bois FRAKE de 27 m\u00e8tres de port\u00e9e, record en bois local en Afrique de l&rsquo;ouest.<\/div>\n<\/li>\n<li>\n<div>Initiateur des premi\u00e8res \u00e9tudes (en 2003) et chef de file du projet sur la nouvelle normalisation des r\u00e8gles vents au S\u00e9n\u00e9gal en 2008 (projet SENEVENT propos\u00e9 comme norme nationale par l&rsquo;Association S\u00e9n\u00e9galaise de normalisation ASN).<\/div>\n<\/li>\n<li>\n<div>R\u00e9alisation en 2003 de la premi\u00e8re cartographique g\u00e9otechnique de la presqu&rsquo;\u00eele de Dakar.<\/div>\n<\/li>\n<li>\n<div>Obtention du certification ISO 9001: 2000 en juillet 2008, faisant d&rsquo;ALPAGES l&rsquo;un des tout premiers organismes de contr\u00f4le technique Africain certifi\u00e9s pour\u00a0son Syst\u00e8me de Management de la Qualit\u00e9.<\/div>\n<\/li>\n<\/ul>\n<\/div>\n<div><strong>L&rsquo;avenir\u00a0<\/strong><\/div>\n<div>Nous sommes confiant en l&rsquo;avenir de l&rsquo;Afrique et en notre marche in\u00e9luctable vers le progr\u00e8s, c&rsquo;est pourquoi nous sommes\u00a0r\u00e9solus \u00e0 participer \u00e0 la construction de notre continent par\u00a0:<\/div>\n<ul>\n<li>\n<div>L&rsquo;information et la formation<\/div>\n<\/li>\n<li>\n<div>L&rsquo;assistance m\u00e9thodologique \u00e0 nos d\u00e9cideurs pour une meilleure utilisation de nos ressources, une meilleure protection de notre patrimoine,<\/div>\n<\/li>\n<li>\n<div>L&rsquo;implication active \u00e0 la veille technologique et \u00e0 la pr\u00e9vention en mati\u00e8re normative et r\u00e9glementaire<\/div>\n<\/li>\n<li>\n<div>La promotion de la Qualit\u00e9 et de la performance individuelle et collective.<\/div>\n<\/li>\n<\/ul>\n","protected":false},"excerpt":{"rendered":"<p>ALPAGES\u00a0le groupe Soci\u00e9t\u00e9 de droit s\u00e9n\u00e9galais, ALPAGES intervient dans le domaine du contr\u00f4le technique et r\u00e9glementaire. Cr\u00e9\u00e9e en 1999 par Monsieur Bruno d\u2019ERNEVILLE apr\u00e8s une 1\u00e8re\u00a0partie de carri\u00e8re r\u00e9ussie en France aupr\u00e8s d\u2019un grand groupe de contr\u00f4le technique, la soci\u00e9t\u00e9 s\u2019est impos\u00e9e dans la sous r\u00e9gion comme l\u2019une des plus en vue sur les aspects\u00a0normatifs<\/p>\n","protected":false},"author":1,"featured_media":0,"parent":0,"menu_order":0,"comment_status":"closed","ping_status":"closed","template":"","meta":{"footnotes":""},"class_list":["post-433","page","type-page","status-publish","hentry"],"_links":{"self":[{"href":"https:\/\/groupe-alpages.com\/wps\/wp-json\/wp\/v2\/pages\/433","targetHints":{"allow":["GET"]}}],"collection":[{"href":"https:\/\/groupe-alpages.com\/wps\/wp-json\/wp\/v2\/pages"}],"about":[{"href":"https:\/\/groupe-alpages.com\/wps\/wp-json\/wp\/v2\/types\/page"}],"author":[{"embeddable":true,"href":"https:\/\/groupe-alpages.com\/wps\/wp-json\/wp\/v2\/users\/1"}],"replies":[{"embeddable":true,"href":"https:\/\/groupe-alpages.com\/wps\/wp-json\/wp\/v2\/comments?post=433"}],"version-history":[{"count":0,"href":"https:\/\/groupe-alpages.com\/wps\/wp-json\/wp\/v2\/pages\/433\/revisions"}],"wp:attachment":[{"href":"https:\/\/groupe-alpages.com\/wps\/wp-json\/wp\/v2\/media?parent=433"}],"curies":[{"name":"wp","href":"https:\/\/api.w.org\/{rel}","templated":true}]}}