{"id":453,"date":"2017-10-29T22:51:02","date_gmt":"2017-10-29T22:51:02","guid":{"rendered":"http:\/\/www.alpages.sn\/wp\/?page_id=49"},"modified":"2017-10-29T22:51:02","modified_gmt":"2017-10-29T22:51:02","slug":"france","status":"publish","type":"page","link":"https:\/\/groupe-alpages.com\/wps\/france\/","title":{"rendered":"France"},"content":{"rendered":"<p>[vc_row][vc_column][vc_single_image image=\u00a0\u00bb3309&Prime; img_size=\u00a0\u00bblarge\u00a0\u00bb][vc_column_text]<em><strong>QUELQUES REFERENCES EN FRANCE<\/strong><\/em><br \/>\nAffaires suivies par Monsieur d&rsquo;ERNEVILLE :<br \/>\n1). LOGEMENTS NEUFSOPAC de la Savoie1997 construction de 13 logements \u00ab\u00a0le Peney 3\u00a0\u00bb \u00e0 Chamb\u00e9ry d\u00e9partement 73<br \/>\n1997 construction de 14 maisons locatives PLA \u00e0 Albens d\u00e9partement 73<br \/>\n1997 construction de 13 logements \u00ab\u00a0Sous le Fort\u00a0\u00bb \u00e0 Montm\u00e9lian d\u00e9partement 73<br \/>\n1996 construction de 9 logements collectifs \u00e0 la Chapelle du Mont du Chat d\u00e9pt 73<br \/>\n1996 construction de 15 pavillons locatifs \u00e0 Saint Jean de la Porte dept 73<br \/>\n1995 construction de 40 logements collectifs \u00e0 Voglans dept 73<br \/>\n1995 construction de 15 pavillons \u00e0 Curienne dept 73<br \/>\n1995 construction de 44 logements collectifs \u00e0 Les Marches dept 73<br \/>\n1995 construction de 35 pavillons locatifs PLA \u00e0 Les Marches dept 73<br \/>\n1995 construction de 20 maisons en accession PAP \u00e0 Les Marches dept 73<br \/>\n1995 construction de 15 maisons accol\u00e9es \u00e0 St Cassin dept 73<br \/>\n1995 construction de 9 logements \u00e0 Curienne dept 73<br \/>\n1995 construction de 12 logements collectifs \u00e0 Bessans dept 73<br \/>\nANJIL IMMOBILIER1997 construction de 45 studios Etudiants neufs \u00e0 Le Bourget du Lac dept 73<br \/>\nOPAC de Chamb\u00e9ry (neuf)<br \/>\n1995 construction de 5 maisons \u00ab\u00a0la croix sud\u00a0\u00bb \u00e0 Cognin dept 73<br \/>\nOPAC de Dijon (neuf)<br \/>\n1995 construction de 109 logements\u00a0\u00bb\u00e9pirey\u00a0\u00bb \u00e0 Dijon dept 21<br \/>\nCIPCO locatif<br \/>\n1994 construction de 48 logements collectifs neufs \u00e0 Dijon dept 21<br \/>\n<strong>REFERENTIEL UTILISE<\/strong><br \/>\nR\u00e9f\u00e9rentiel de base (rappel\u00e9 dans la suite du texte avec le signe *)<br \/>\nles DTU documents techniques unifi\u00e9s (r\u00e8gles Fran\u00e7aises)<br \/>\nles avis techniques du CSTB<br \/>\nles r\u00e8gles professionnelles (dallages, bardages, constructions en montagne )<br \/>\nles guides techniques (isolation thermique par l\u2019ext\u00e9rieur, collage de rev\u00eatements c\u00e9ramiques, etc&#8230;)<br \/>\nAutres textes :<br \/>\nR\u00e8glement de s\u00e9curit\u00e9 incendie dans les b\u00e2timents d\u2019Habitation<br \/>\nGuide QUALITEL, pour la qualit\u00e9 des logements<br \/>\nTextes l\u00e9gislatifs et r\u00e9glementaires relatifs \u00e0 l\u2019accessibilit\u00e9 des Handicap\u00e9s et \u00e0 l\u2019adaptabilit\u00e9 des logements.<br \/>\n<strong>2). REHABILITATIONS<\/strong><br \/>\nIl s\u2019agit de la v\u00e9rification des plans d\u2019ex\u00e9cution et modes ex\u00e9cutoires propos\u00e9s par le bureau d\u2019\u00e9tudes ainsi que du contr\u00f4le \u00e0 l\u2019ex\u00e9cution relatifs \u00e0 :<br \/>\ndes d\u00e9molitions<br \/>\ndes reprises en sous oeuvre<br \/>\ndes modifications de charpentes bois et m\u00e9talliques<br \/>\ndes r\u00e9habilitations de fa\u00e7ades ( isolation par enduit mince sur isolant, v\u00eatures, v\u00eatages, bardages&#8230;)<br \/>\nOp\u00e9rations concern\u00e9es<br \/>\nOPAC DE LA SAVOIE<br \/>\n1996 R\u00e9habilitation de 3 chalets \u00e0 la Chapelle Mt Chat dept 73<br \/>\n1995 R\u00e9habilitation de 30 logements collectifs le Revard\u00a0\u00bb et\u00a0\u00bb le Nivolet\u00a0\u00bb \u00e0 La Motte Servolex dept73<br \/>\n1995 R\u00e9habilitation de la R\u00e9sidence \u00ab\u00a0Pr\u00e9 Soleil\u00a0\u00bb \u00e0 Modane dept 73<br \/>\n1995 R\u00e9habilitation de \u00ab\u00a0Le Rieu\u00a0\u00bblogements collectifs \u00e0 La Bridoire dept 73<br \/>\n1995 R\u00e9habilitation de 30 logements \u00ab\u00a0la m\u00e9line\u00a0\u00bb et \u00ab\u00a0Le Pierre Ch\u00e2tel\u00a0\u00bb \u00e0 Yenne dept 73<br \/>\n1995 R\u00e9fection de la toiture du b\u00e2timent\u00ab les Sureaux\u00bb \u00e0 Champagny en Vse dept 73<br \/>\n<strong>OPAC DE CHAMBERY<\/strong><br \/>\n1997 Fa\u00e7ades \u00ab\u00a0Les Trois Tours\u00a0\u00bb \u00e0 La Cassine dept 73<br \/>\nOPHLM21<br \/>\n1992 R\u00e9habilitation de 78 logements collectifs \u00e0 Montbard dept 21<br \/>\n1991 R\u00e9habilitation de 10 logements collectifs V\u00e9narey les Laumes dept 21<br \/>\nREFERENTIEL UTILISE<br \/>\nR\u00e9f\u00e9rentiel de base (*)<br \/>\nR\u00e8glement incendie dans les b\u00e2timents d\u2019Habitation<br \/>\n<strong>3). ETABLISSEMENTS RECEVANT DU PUBLIC (ERP)<\/strong><br \/>\n1997 Am\u00e9nagement du restaurant du personnel<br \/>\n1997 Am\u00e9nagement du self du coll\u00e8ge Jacques Pr\u00e9vert \u00e0 Albens dept 73<br \/>\n1997 Am\u00e9nagement de la salle polyvalente de l\u2019H\u00f4pital de Modane dept 73<br \/>\n1997 Humanisation de 514 lits \u00e0 l\u2019H\u00f4pital Dubettier \u00e0 St Pierre d\u2019Albigny<br \/>\n1997 Am\u00e9nagement de l\u2019 h\u00f4tel \u00ab\u00a0les Karellis\u00a0\u00bb \u00e0 les Karellis dept 73<br \/>\n1997 Am\u00e9nagement de l\u2019Institut National des Jeunes Sourds \u00e0 Cognin dept 73<br \/>\n1997 R\u00e9am\u00e9nagement du centre d\u2019affaires ALLIANCE \u00e0 Archamps dept 74<br \/>\n1997 Am\u00e9nagement de la garderie \u00ab\u00a0le Choudy\u00a0\u00bb \u00e0 Aix-les-Bains dept 73<br \/>\n1997 R\u00e9fection de la toiture des Thermes de Challes-les-Eaux dept 73<br \/>\n1996 Construction d\u2019 un supermarch\u00e9 CODEC \u00e0 Valloire dept 73<br \/>\n1996 Extension de l\u2019H\u00f4tel des Imp\u00f4ts de Mo\u00fbtiers dept 73<br \/>\n1996 R\u00e9fection de la toiture du Chateau Reynach \u00e0 La Motte Servolex dept 73<br \/>\n1996 Mise en conformit\u00e9 de la chaufferie de l\u2019EPLEA\/chaufferie \u00e0 La Motte Servolex dept 73<br \/>\n1996 Am\u00e9nagement de la brasserie MBA \u00e0 Bassens dept 73<br \/>\n1996 Restructuration de la maison de retraite \u00ab\u00a0Les Augustines\u00a0\u00bb \u00e0 Pont de Beauvoisin dept 73<br \/>\n1996 Extension et am\u00e9nagement de l\u2019Hypermach\u00e9 Carrefour 6000m2 \u00e0 Bassens dept 73<br \/>\n1996 Am\u00e9nagement de l\u2019H\u00f4tel \u00ab\u00a0l&rsquo;\u00e9toile des neiges\u00a0\u00bb au Corbier dept 73<br \/>\n1996 Am\u00e9nagement de l\u2019H\u00f4tel \u00ab\u00a0le Galaxie\u00a0\u00bb au Corbier dept 73<br \/>\n1995 Am\u00e9nagement du restaurant de l\u2019internat Louise de Savoie \u00e0 Chamb\u00e9ry dept 73<br \/>\n1995 Am\u00e9nagement de l\u2019atelier de formation AFPA \u00e0 Bissy dept 73<br \/>\n1995 Am\u00e9nagement du centre de vacances UFCV\u00a0\u00bbles Alouettes\u00a0\u00bb \u00e0 Solli\u00e8res dept 73<br \/>\n1995 Am\u00e9nagement des douches collectives du Lyc\u00e9e\u00a0\u00bble grand arc\u00a0\u00bb \u00e0 Albertville dept 73<br \/>\n1994 Am\u00e9nagement de la boutique culturelle de l\u2019h\u00f4tel Dieu aux Hospices Beaune dept 21<br \/>\n1994 Am\u00e9nagement du centre de radiologie au CHS la chartreuse \u00e0 Dijon dept 21<br \/>\n1994 Am\u00e9nagement d\u2019une salle de rock\/ville de Dijon \u00e0 Dijon dept 21<br \/>\n1994 Am\u00e9nagement des bureaux du centre hospitalier de Ch\u00e2tillon\/Seine dept 21<br \/>\n1994 Restructuration du centre de Baln\u00e9oth\u00e9rapie DIVIO \u00e0 Dijon dept 21<br \/>\n1994 Construction de l\u2019IUT de chalons sur Sa\u00f4ne dept 71<br \/>\n1994 Restructuration du Lyc\u00e9e H.Fontaine \u00e0 Dijon dept 21<br \/>\n1994 Restructuration du Lyc\u00e9e agricole de Plombi\u00e8res-les-Dijon dept 21<br \/>\n1994 Extension de l\u2019H\u00f4tel \u00ab\u00a0la cote d&rsquo;or\u00a0\u00bbBernard Loiseau \u00e0 Saulieu dept 21<br \/>\n1994 Construction d\u2019un magasin M\u00e9tro 3300M2 \u00e0 Marsannay dept 21<br \/>\n1993 Construction d\u2019une MAPAD ( maison d\u2019accueil pour personnes ag\u00e9es d\u00e9pendantes<br \/>\n( 30 lits ) \u00e0 Neuilly les Dijon dept 21<br \/>\n1994 Am\u00e9nagement d\u2019un magasin Unico \u00e0 Talant dept 21<br \/>\n1994 Construction d\u2019une Ecole d&rsquo;infirmi\u00e8res \u00e0 Ch\u00e2lons\/Sa\u00f4ne dept 71<br \/>\n1994 Extension du Lyc\u00e9e professionnel d\u2019Autun dept 71<br \/>\n1994 R\u00e9am\u00e9nagement de la Maternit\u00e9 de l&rsquo;h\u00f4pital de Ch\u00e2lons\/Sa\u00f4ne dept 71<br \/>\n1994 Construction du CUCM (centre de formation professionnelle) \u00e0 Torcy dept 71<br \/>\n1994 Am\u00e9nagement du BIVB ( bureau interprof. des vins de bourgogne ) \u00e0 Beaune dept 21<br \/>\n1994 Am\u00e9nagement du coll\u00e8ge d\u2019Echenon dept 21<br \/>\n1994 Am\u00e9nagement de la Mairie d\u2019 Is\/Tille dept 21<br \/>\n1994 Am\u00e9nagement de l\u2019H\u00f4tel de Paris \u00e0 Dijon dept 21<br \/>\n1993 Am\u00e9nagement de la Maison de retraite de Pr\u00e9cy Sous Thil dept 21<br \/>\n1993 Am\u00e9nagement de l\u2019H\u00f4pital d&rsquo;arnay le duc dept 21<br \/>\n1993 Construction d\u2019un magasin Superfouille \u00e0 Clamecy dept 52<br \/>\n1993 Construction d\u2019un magasin Loock Textile \u00e0 Clamecy dept 52<br \/>\n1993 R\u00e9am\u00e9nagement de l\u2019Institut M\u00e9dico Educatif de Tournus dept 71<br \/>\n1993 R\u00e9am\u00e9nagement du long s\u00e9jour ND de la visitation \u00e0 Dijon dept 21<br \/>\n1993 Am\u00e9nagement d\u2019une Salle Polyvalente \u00e0 Darois dept 21<br \/>\n1993 Restructuration des locaux CPAM \u00e0 Dijon dept 21<br \/>\n1993 Construction du Gymnase de Tavaux dept 39<br \/>\n1993 Restructuration de la Maison de retraite de Ch\u00e2teau Chinon dept 52<br \/>\n1993 R\u00e9fection de la Piscine municipale de Beaune dept 21<br \/>\n1993 Construction d\u2019un Complexe sportif \u00a0\u00bb le clos maire\u00a0\u00bb \u00e0 Beaune dept 21<br \/>\n1992 R\u00e9am\u00e9nagement du Cr\u00e9dit Lyonnais Place Wilson \u00e0 Dijon dept 21<br \/>\n1992 Extension du coll\u00e8ge St Joseph \u00e0 Dijon dept 21<br \/>\n1992 Extension du Lyc\u00e9e \u00ab\u00a0le clos maire\u00a0\u00bb \u00e0 Beaune dept 21<br \/>\n1992 R\u00e9am\u00e9nagement de la Maison de retraite au Creuso dept 71<br \/>\n1992 Construction d\u2019une joaillerie Maty \u00e0 Dijon dept 21<br \/>\n1992 Am\u00e9nagement blocs sanitaires au LEPA (enseignement agricole) de Quetigny dept 21<br \/>\n1992 Construction d\u2019un internat au LEPA de Plombi\u00e8res dept 21<br \/>\n1991 Am\u00e9nagement du Coll\u00e8ge d&rsquo;enseignement g\u00e9n\u00e9ral de Fraisans dept 71<br \/>\n1991 Agrandissement du Lyc\u00e9e Eiffel \u00e0 Dijon dept 21<br \/>\n1991 Construction d\u2019un magasin LIDL \u00e0 St.Apollinaire dept 21<br \/>\n1991 Am\u00e9nagement du Batiment 1 du Lyc\u00e9e Hyppolyte Fontaine \u00e0 Dijon dept 21<br \/>\n1991 Am\u00e9nagement des douches collectives du Lyc\u00e9e Antoine Antoine \u00e0 Chen\u00f4ve dept 21<br \/>\n1991 Construction du CRP ( centre professionnel ) de pouilly en Auxois dept 21<br \/>\n1991 Reconstruction des cuisines du Restaurant\u00a0\u00bbla cote d&rsquo;or\u00a0\u00bb \u00e0 Saulieu dept 21<br \/>\n1991 Construction et am\u00e9nagement du Groupe scolaire \u00ab\u00a0les c\u00f4teaux du suzon\u00a0\u00bb \u00e0 Dijon<br \/>\n1990 Construction d\u2019un Magasin Mat Services \u00e0 La Charit\u00e9\/Loire dept 52<br \/>\nOp\u00e9rations avec le Centre Hospitalier R\u00e9gional et Universitaire de Dijon :<br \/>\n1994 Am\u00e9nagement du service d\u2019h\u00e9pato-gastro-ent\u00e9rologie<br \/>\n1994 Am\u00e9nagement du service chirurgieIII<br \/>\n1994 Am\u00e9nagement du service stomatologie \u00e0 l\u2019H\u00f4pital g\u00e9n\u00e9ral<br \/>\n1993 Am\u00e9nagement du self du personnel<br \/>\n1993 Am\u00e9nagement du service neuro unit\u00e9 1<br \/>\n1993 Am\u00e9nagement de la cr\u00eache<br \/>\n1993 Construction de la nouvelle blanchisserie du CHRU<br \/>\n1993 Am\u00e9nagement du service anatomie-pathologie \u00e0 l\u2019H\u00f4pital G\u00e9n\u00e9ral<br \/>\n1993 Am\u00e9nagement du bloc op\u00e9ratoire \u00e0 l\u2019H\u00f4pital d&rsquo;enfants<br \/>\n1993 Restructuration de la Maison de Retraite \u00e0 l\u2019H\u00f4pital Champmaillot<br \/>\n1993 Am\u00e9nagement du samu \u00e0 l\u2019H\u00f4pital G\u00e9n\u00e9ral<br \/>\n1992 Am\u00e9nagement du service angiographie \u00e0 l\u2019H\u00f4pital g\u00e9n\u00e9ral<br \/>\n1991 Am\u00e9nagement du service neurochirurgie \u00e0 l\u2019H\u00f4pital G\u00e9n\u00e9ral<br \/>\n1991 Construction de l\u2019 IRM ( Imagerie par Rayonnance Magn\u00e9tique)<br \/>\n1991 Construction du pavillon beauregard<br \/>\nOp\u00e9rations avec le Centre Hospitalier R\u00e9gional de Beaune \/ d\u00e9partement 21<br \/>\n1993 Am\u00e9nagement du service gyn\u00e9cologie<br \/>\n1994 Am\u00e9nagement de la Maternit\u00e9<br \/>\nOp\u00e9rations avec le Centre Hospitalier R\u00e9gional de St Jean de Maurienne dept 73<br \/>\n1998 Am\u00e9nagement du Service de Soins Post-Interventionnels (SSPI)<br \/>\n1998 Am\u00e9nagement du Bloc Chirurgie<br \/>\n1998 Am\u00e9nagement de l\u2019aile M\u00e9decine<br \/>\n<strong>4). INDUSTRIE ET TERTIAIRE<\/strong><br \/>\n1997Construction d\u2019un Abattoir 300tonnes\/an \u00e0 St Etienne de Cuines dept 73<br \/>\n1997 Mise en place d\u2019inserts acoustiques ONERA\/veine an\u00e9cho\u00efque \u00e0 Avrieux dept 73<br \/>\n1997 Extension des bureaux de l&rsquo;usine Ugine Savoie \u00e0 Ugine dept 73<br \/>\n1997 Construction d\u2019un Atelier relais \u00e0 Belmont Tramonet dept 73<br \/>\n1996 R\u00e9fection toiture de l&rsquo;unit\u00e9 Graphitation chez UCAR snc \u00e0 Aigueblanche dept 73<br \/>\n1997 Construction d\u2019une usine de salaisons Henri Raffin \u00e0 La Rochette dept 73<br \/>\n1996 Construction d\u2019un Garage \u00e0 chenillettes \u00e0 St Mtin de Belleville dept 73<br \/>\n1996 Construction d\u2019un Cog\u00e9n\u00e9rateur Houpert Energie \u00e0 Les Echelles dept 73<br \/>\n1996 Construction d\u2019un Abattoir du beaufortain 200T\/an \u00e0 Beaufort dept 73<br \/>\n1996 Construction d\u2019un Atelier industriel \u00e0 Aiguebelle dept 73<br \/>\n1994 Extension de l\u2019usine Socla \u00e0 Crissey dept 71<br \/>\n1994 Extension de l\u2019usine Europole \u00e0 Beaune dept 21<br \/>\n1993 Construction de la nouvelle cuverie des Hospices Civils de Beaune dept 21<br \/>\n1994 R\u00e9fection de la toiture des bureaux Hillebrand International \u00e0 Beaune dept 21<br \/>\n1994 Construction de l\u2019usine Ares au Creusot dept 71<br \/>\n1994 Construction des ateliers Publitout \u00e0 Beaune dept 21<br \/>\n1994 R\u00e9fection de la toiture usine AMORA \u00e0 Chevigny St Sauveur dept 21<br \/>\n1993 Construction des bureaux et am\u00e9nagement des ateliers de la STRD (transports dijonnais) \u00e0 Chen\u00f4ve dept 21<br \/>\n1993 Construction de l\u2019usine Cipelle \u00e0 Saulieu dept21<br \/>\n1993 Extension de l\u2019usine Tournus Equipement \u00e0 Tournus dept 71<br \/>\n1993 Fondations Sp\u00e9ciales pour machine chez P\u00e9chiney Emballages \u00e0 Dijon<br \/>\n1993 Construction d\u2019un garage Dailloux \u00e0 Fontaine Fran\u00e7ais e dept 21<br \/>\n1992 Construction d\u2019un atelier Mortier \u00e0 Censere dept 21<br \/>\n1992 R\u00e9am\u00e9nagement Valinox division nucl\u00e9aire\/bat.tgl2 \u00e0 Montbard dept 21<br \/>\n1992 Construction d\u2019un atelier Nelco \u00e0 Mirebeau\/B\u00e8ze dept 21<br \/>\n1992 Construction d\u2019un atelier Virly \u00e0 Longvic dept 21<br \/>\n1991 Extension de l\u2019usine Essilor \u00e0 Dijon dept 21<br \/>\n1991 R\u00e9fection toiture usine DIM \u00e0 Bourbon Lancy dept 52<br \/>\n1991 Am\u00e9nagement du Cr\u00e9dit Agricole \u00e0 Dijon dept 21<br \/>\n1991 Construction d\u2019ateliers et bureaux Sartec \u00e0 Fragnes dept 71<br \/>\n1991 Construction d\u2019ateliers JF Industries \u00e0 Corgoloin dept 21<br \/>\n1991 Extension des locaux MGL \u00e0 St L\u00e9ger\/Dheune dept 71<br \/>\n1991 Construction d\u2019une usine d\u2019injection Sapi \u00e0 Crissey dept 71<br \/>\n1991 Construction d\u2019un centre TDF \u00e0 La Trouhaude dept 21<br \/>\n1991 Construction d\u2019un hangard Sumagri \u00e0 La Charit\u00e9\/Loire dept 52<br \/>\n1998 Extension Unit\u00e9 de graphitation UCAR SNC Major Project NRP \u00e0 ND de Brian\u00e7on dept 73<br \/>\n1998 Reconstruction R98 Four 3,Feeders,Canaux chez Saint Gobain Desjonqu\u00e8res \u00e0 Sucy-en-Brie dept 94<br \/>\nR\u00e9f\u00e9rentiel utilis\u00e9<br \/>\nR\u00e9f\u00e9rentiel de base (*)<br \/>\nR\u00e8glement de s\u00e9curit\u00e9 incendie APSAD<br \/>\n<strong>5). GENIE CIVIL<\/strong><br \/>\n1994 Construction d\u2019une Station d\u2019\u00e9puration 30.000\u00e9q.hab. \u00e0 Beaune dept 21<br \/>\n1994 V\u00e9rification annuelle de latribune Vente des Vin des Hospices de Beaune dept 21<br \/>\n1993 Construction d\u2019une chemin\u00e9e Soccram \u00e0 Chenove dept 21<br \/>\n1993 Construction d\u2019un pylone EDF \u00e0 Sombernon dept 21<br \/>\n1993 Construction d\u2019un Parking enterr\u00e9 St Anne (r-2) \u00e0 Dijon dept 21<br \/>\n1992 Construction d\u2019un Atelier de motoculture \u00e0 Brazey-en-Plaine dept 21<br \/>\n1991 Extension de la station d&rsquo;\u00e9puration de Chevigny dept 21<br \/>\n6). PARAMILITAIRE<br \/>\n1997 Construction des 150 logements Militaires.Du Rang 7\u00e8me BCA \u00e0 Bourg St Maurice dept 73<br \/>\n1994 Construction de Logements de Gendarmerie \u00e0 St Jean de Losne<br \/>\n1994 R\u00e9fection des toitures terrasses de la Base a\u00e9rienne 102 \u00e0 Longvic dept 21<br \/>\n1994 R\u00e9am\u00e9nagement des services du SDIS (pompiers) \u00e0 Dijon dept 21<br \/>\n1993 R\u00e9am\u00e9nagement de l\u2019H\u00f4pital militaire Hyacinte Vincent \u00e0 Dijon dept 21<br \/>\n1992 Construction du Mess de la maison d&rsquo;arr\u00eat de Dijon dept 21<br \/>\n1992 Construction de Logements de gendarmes \u00e0 Sennecey-Les-Dijon dept 21<br \/>\nR\u00e9f\u00e9rentiel utilis\u00e9<br \/>\nR\u00e9f\u00e9rentiel de base (*)<br \/>\n<strong>7). DIAGNOSTICS ET EXPERTISES<\/strong><br \/>\nIl s\u2019agit d\u2019\u00e9tudes r\u00e9alis\u00e9es sur la demande du client, en pr\u00e9vision de travaux d\u2019am\u00e9nagement d\u2019un b\u00e2timent existant, ou dans le but de faire une mise en conformit\u00e9 apr\u00e8s mise en demeure des autorit\u00e9s ou encore suite \u00e0 un sinistre.<br \/>\n1996 Mise en conformit\u00e9 de l\u2019H\u00f4pital Dubettier \u00e0 Saint Pierre d&rsquo;Albigny dept 73<br \/>\n1996 Diagnostic s\u00e9curit\u00e9 incendie H\u00f4tel \u00ab\u00a0l&rsquo;\u00e9toile des Neiges\u00a0\u00bb au Le Corbier dept 73<br \/>\n1996 Diagnostic s\u00e9curit\u00e9 incendie H\u00f4tel CRICA\u00e0 M\u00e9ribel dept 73 en 1996<br \/>\n1994 Diagnostic de solidit\u00e9 des ouvrages Caserne Marey Monge \u00e0 Auxonne dept 21<br \/>\n1994 Diagnostic de solidit\u00e9 des ouvrages CHS la Chartreuse \u00e0 Dijon dept 21<br \/>\n1994 Diagnostic de solidit\u00e9 des ouvrages Station d&rsquo;Epuration de D\u00f4le dept 39<br \/>\n1998 Diagnostic s\u00e9curit\u00e9 incendie H\u00f4tel Le Petit Prince \u00e0 l\u2019Alpes d\u2019Huez dept 38<br \/>\n1996 Expertise de solidit\u00e9 des ouvrages suite au s\u00e9isme (intensit\u00e9 5.2 sur Richter) dans le Genevois et la r\u00e9gion Ann\u00e9cienne du 14 juill.<br \/>\nR\u00e9f\u00e9rentiel utilis\u00e9<br \/>\nR\u00e9f\u00e9rentiel de base (*)<br \/>\nd\u00e9partements concern\u00e9s:<br \/>\nNon soumis \u00e0 la r\u00e9glementation parasismique Fran\u00e7aise<br \/>\n21=C\u00f4te d&rsquo;Or;39=Jura;52=Ni\u00e8vre;<br \/>\n71=Sa\u00f4ne et Loire;89=Yonne;94=Val de Marne<br \/>\nSoumis \u00e0 la r\u00e9glementation parasismique<br \/>\n73=Savoie;74=Hte Savoie;38=Is\u00e8re.[\/vc_column_text][\/vc_column][\/vc_row]<\/p>\n","protected":false},"excerpt":{"rendered":"<p>[vc_row][vc_column][vc_single_image image=\u00a0\u00bb3309&Prime; img_size=\u00a0\u00bblarge\u00a0\u00bb][vc_column_text]QUELQUES REFERENCES EN FRANCE Affaires suivies par Monsieur d&rsquo;ERNEVILLE : 1). LOGEMENTS NEUFSOPAC de la Savoie1997 construction de 13 logements \u00ab\u00a0le Peney 3\u00a0\u00bb \u00e0 Chamb\u00e9ry d\u00e9partement 73 1997 construction de 14 maisons locatives PLA \u00e0 Albens d\u00e9partement 73 1997 construction de 13 logements \u00ab\u00a0Sous le Fort\u00a0\u00bb \u00e0 Montm\u00e9lian d\u00e9partement 73 1996 construction de<\/p>\n","protected":false},"author":2,"featured_media":0,"parent":0,"menu_order":0,"comment_status":"closed","ping_status":"closed","template":"","meta":{"footnotes":""},"class_list":["post-453","page","type-page","status-publish","hentry"],"_links":{"self":[{"href":"https:\/\/groupe-alpages.com\/wps\/wp-json\/wp\/v2\/pages\/453","targetHints":{"allow":["GET"]}}],"collection":[{"href":"https:\/\/groupe-alpages.com\/wps\/wp-json\/wp\/v2\/pages"}],"about":[{"href":"https:\/\/groupe-alpages.com\/wps\/wp-json\/wp\/v2\/types\/page"}],"author":[{"embeddable":true,"href":"https:\/\/groupe-alpages.com\/wps\/wp-json\/wp\/v2\/users\/2"}],"replies":[{"embeddable":true,"href":"https:\/\/groupe-alpages.com\/wps\/wp-json\/wp\/v2\/comments?post=453"}],"version-history":[{"count":0,"href":"https:\/\/groupe-alpages.com\/wps\/wp-json\/wp\/v2\/pages\/453\/revisions"}],"wp:attachment":[{"href":"https:\/\/groupe-alpages.com\/wps\/wp-json\/wp\/v2\/media?parent=453"}],"curies":[{"name":"wp","href":"https:\/\/api.w.org\/{rel}","templated":true}]}}