{"id":454,"date":"2017-10-29T22:53:43","date_gmt":"2017-10-29T22:53:43","guid":{"rendered":"http:\/\/www.alpages.sn\/wp\/?page_id=51"},"modified":"2017-10-29T22:53:43","modified_gmt":"2017-10-29T22:53:43","slug":"gabon","status":"publish","type":"page","link":"https:\/\/groupe-alpages.com\/wps\/gabon\/","title":{"rendered":"Gabon"},"content":{"rendered":"<p>[vc_row][vc_column][vc_single_image image=\u00a0\u00bb4572&Prime; img_size=\u00a0\u00bblarge\u00a0\u00bb][vc_column_text]<strong>QUELQUES REFERENCES AU GABON<\/strong><br \/>\nLe Bureau de contr\u00f4le ALPAGES dispose des principales r\u00e9f\u00e9rences suivantes au GABON (non exhaustif):<br \/>\nMISSIONS DE CONTROLE TECHNIQUE<br \/>\nCLIENT : MINISTERE DE L&rsquo;EDUCATION NATIONALE<br \/>\nCellule d&rsquo;ex\u00e9cution du Projet Education III \/ Banque Africaine de D\u00e9veloppement<br \/>\nOPERATION: Travaux de construction de 10 \u00e9tablissements de l&rsquo;Enseignement Technique<br \/>\nMission \u00ab\u00a0L\u00a0\u00bb solidit\u00e9 des ouvrages et \u00ab\u00a0S\u00a0\u00bb s\u00e9curit\u00e9<br \/>\nAnn\u00e9e 2005[\/vc_column_text][\/vc_column][\/vc_row]<\/p>\n","protected":false},"excerpt":{"rendered":"<p>[vc_row][vc_column][vc_single_image image=\u00a0\u00bb4572&Prime; img_size=\u00a0\u00bblarge\u00a0\u00bb][vc_column_text]QUELQUES REFERENCES AU GABON Le Bureau de contr\u00f4le ALPAGES dispose des principales r\u00e9f\u00e9rences suivantes au GABON (non exhaustif): MISSIONS DE CONTROLE TECHNIQUE CLIENT : MINISTERE DE L&rsquo;EDUCATION NATIONALE Cellule d&rsquo;ex\u00e9cution du Projet Education III \/ Banque Africaine de D\u00e9veloppement OPERATION: Travaux de construction de 10 \u00e9tablissements de l&rsquo;Enseignement Technique Mission \u00ab\u00a0L\u00a0\u00bb solidit\u00e9 des<\/p>\n","protected":false},"author":2,"featured_media":0,"parent":0,"menu_order":0,"comment_status":"closed","ping_status":"closed","template":"","meta":{"footnotes":""},"class_list":["post-454","page","type-page","status-publish","hentry"],"_links":{"self":[{"href":"https:\/\/groupe-alpages.com\/wps\/wp-json\/wp\/v2\/pages\/454","targetHints":{"allow":["GET"]}}],"collection":[{"href":"https:\/\/groupe-alpages.com\/wps\/wp-json\/wp\/v2\/pages"}],"about":[{"href":"https:\/\/groupe-alpages.com\/wps\/wp-json\/wp\/v2\/types\/page"}],"author":[{"embeddable":true,"href":"https:\/\/groupe-alpages.com\/wps\/wp-json\/wp\/v2\/users\/2"}],"replies":[{"embeddable":true,"href":"https:\/\/groupe-alpages.com\/wps\/wp-json\/wp\/v2\/comments?post=454"}],"version-history":[{"count":0,"href":"https:\/\/groupe-alpages.com\/wps\/wp-json\/wp\/v2\/pages\/454\/revisions"}],"wp:attachment":[{"href":"https:\/\/groupe-alpages.com\/wps\/wp-json\/wp\/v2\/media?parent=454"}],"curies":[{"name":"wp","href":"https:\/\/api.w.org\/{rel}","templated":true}]}}