{"id":472,"date":"2017-10-29T22:59:04","date_gmt":"2017-10-29T22:59:04","guid":{"rendered":"http:\/\/www.alpages.sn\/wp\/?page_id=67"},"modified":"2020-04-27T21:19:18","modified_gmt":"2020-04-27T21:19:18","slug":"partenaires","status":"publish","type":"page","link":"https:\/\/groupe-alpages.com\/wps\/partenaires\/","title":{"rendered":"Partenaires"},"content":{"rendered":"<p>[vc_row][vc_column][vc_column_text]Le groupe alpages a nouer avec certains de bureaux techniques des partenariat\u00a0 \u00e0 travers le monde\u00a0 notamment\u00a0 :<\/p>\n\n<div class=\"wp-block-media-text alignwide\" style=\"grid-template-columns: 21% auto;\">\n<figure class=\"wp-block-media-text__media\"><img loading=\"lazy\" decoding=\"async\" width=\"170\" height=\"85\" class=\"wp-image-2363\" src=\"https:\/\/groupe-alpages.com\/wps\/wp-content\/uploads\/2020\/04\/acias-part.jpg\" alt=\"\" \/><\/figure>\n<div class=\"wp-block-media-text__content\">\n<p class=\"has-small-font-size\" style=\"text-align: justify;\">L\u2019Association des bureaux de Contr\u00f4le technique et d\u2019Inspection Agr\u00e9\u00e9s du S\u00e9n\u00e9gal <strong>(ACIAS)<\/strong> est un organisme professionnel ayant pour objet principal l\u2019organisation, la promotion et la d\u00e9fense de la profession d\u2019inspection ind\u00e9pendante incluant notamment dans son champ de comp\u00e9tence, les activit\u00e9s d\u2019\u00e9valuation de conformit\u00e9, de contr\u00f4le technique, de conseil-pr\u00e9vention, de tierce partie ind\u00e9pendante dans tous les domaines d\u2019activit\u00e9 comme la qualit\u00e9, l\u2019hygi\u00e8ne, la s\u00e9curit\u00e9 et l\u2019environnement<\/p>\n<p>&#8212;&#8212;&#8212;&#8212;&#8212;&#8212;&#8212;&#8212;&#8212;&#8212;&#8212;&#8212;&#8212;&#8212;&#8212;&#8212;&#8212;&#8212;&#8212;&#8212;&#8212;&#8212;&#8212;&#8212;&#8212;&#8212;&#8212;&#8212;&#8212;&#8212;&#8212;&#8212;&#8212;&#8212;<\/p>\n<p><\/div>\n<\/div>\n<p>&nbsp;<\/p>\n\n<div class=\"wp-block-media-text alignwide\" style=\"grid-template-columns: 24% auto;\">\n<figure class=\"wp-block-media-text__media\"><img loading=\"lazy\" decoding=\"async\" width=\"170\" height=\"85\" class=\"wp-image-2364\" src=\"https:\/\/groupe-alpages.com\/wps\/wp-content\/uploads\/2020\/04\/arso-part.jpg\" alt=\"\" \/><\/figure>\n<div class=\"wp-block-media-text__content\">\n<p class=\"has-small-font-size\"><strong>African Organisation for Standardisation (ARSO) <\/strong><\/p>\n<p style=\"text-align: justify;\"><\/p>\n<p> Le mandat fondamental de l&rsquo;<strong>ARSO <\/strong>est de d\u00e9velopper des outils pour l&rsquo;\u00e9laboration de normes, l&rsquo;harmonisation des normes et la mise en \u0153uvre de ces syst\u00e8mes afin d&rsquo;am\u00e9liorer la capacit\u00e9 de commerce int\u00e9rieur de l&rsquo;Afrique, d&rsquo;accro\u00eetre la comp\u00e9titivit\u00e9 des produits et des services de l&rsquo;Afrique \u00e0 l&rsquo;\u00e9chelle mondiale<\/p>\n<p>&#8212;&#8212;&#8212;&#8212;&#8212;&#8212;&#8212;&#8212;&#8212;&#8212;&#8212;&#8212;&#8212;&#8212;&#8212;&#8212;&#8212;&#8212;&#8212;&#8212;&#8212;&#8212;&#8212;&#8212;&#8212;&#8212;&#8212;&#8212;&#8212;&#8212;&#8212;&#8212;&#8212;&#8212;&#8211;<\/p>\n<p><\/div>\n<\/div>\n<p>&nbsp;<\/p>\n\n<div class=\"wp-block-media-text alignwide\" style=\"grid-template-columns: 27% auto;\">\n<figure class=\"wp-block-media-text__media\"><img loading=\"lazy\" decoding=\"async\" width=\"170\" height=\"85\" class=\"wp-image-2365\" src=\"https:\/\/groupe-alpages.com\/wps\/wp-content\/uploads\/2020\/04\/asn-part-.jpg\" alt=\"\" \/><\/figure>\n<div class=\"wp-block-media-text__content\">\n<p class=\"has-small-font-size\">Association S\u00e9n\u00e9galaise de Normalisation<strong> (ASN)<\/strong><\/p>\n<p style=\"text-align: justify;\"><\/p>\n<p> Cr\u00e9\u00e9 par d\u00e9cret n\u00b0 78 228 du 14 mars 1978, l\u2019Institut s\u00e9n\u00e9galais de Normalisation devenu Association s\u00e9n\u00e9galaise de Normalisation (ASN) par d\u00e9cret 2002-746 du 19 juillet 2002 depuis le 19 juillet 2002 et rel\u00e8ve du Minist\u00e8re de l\u2019Industrie.<\/p>\n<p>&#8212;&#8212;&#8212;&#8212;&#8212;&#8212;&#8212;&#8212;&#8212;&#8212;&#8212;&#8212;&#8212;&#8212;&#8212;&#8212;&#8212;&#8212;&#8212;&#8212;&#8212;&#8212;&#8212;&#8212;&#8212;&#8212;&#8212;&#8212;&#8212;&#8212;&#8212;&#8212;&#8212;&#8212;&#8212;-<\/p>\n<p><\/div>\n<\/div>\n<p>&nbsp;<\/p>\n\n<div class=\"wp-block-media-text alignwide\" style=\"grid-template-columns: 24% auto;\">\n<figure class=\"wp-block-media-text__media\"><img loading=\"lazy\" decoding=\"async\" width=\"170\" height=\"85\" class=\"wp-image-2366\" src=\"https:\/\/groupe-alpages.com\/wps\/wp-content\/uploads\/2020\/04\/asn-part.jpg\" alt=\"\" \/><\/figure>\n<div class=\"wp-block-media-text__content\">\n<p class=\"has-small-font-size\"><strong>La Conf\u00e9d\u00e9ration nationale des Employeurs du S\u00e9n\u00e9gal (CNES)<\/strong><\/p>\n\n<p>Associations et organisations sociales et syndicales du S\u00e9n\u00e9gal<\/p>\n<p>&#8212;&#8212;&#8212;&#8212;&#8212;&#8212;&#8212;&#8212;&#8212;&#8212;&#8212;&#8212;&#8212;&#8212;&#8212;&#8212;&#8212;&#8212;&#8212;&#8212;&#8212;&#8212;&#8212;&#8212;&#8212;&#8212;&#8212;&#8212;&#8212;&#8212;&#8212;&#8212;&#8212;&#8212;&#8212;<\/p>\n<p><\/div>\n<\/div>\n<p>&nbsp;<\/p>\n\n<div class=\"wp-block-media-text alignwide\" style=\"grid-template-columns: 27% auto;\">\n<figure class=\"wp-block-media-text__media\"><img loading=\"lazy\" decoding=\"async\" width=\"170\" height=\"85\" class=\"wp-image-2367\" src=\"https:\/\/groupe-alpages.com\/wps\/wp-content\/uploads\/2020\/04\/partV-.jpg\" alt=\"\" \/><\/figure>\n<div class=\"wp-block-media-text__content\">\n<p class=\"has-small-font-size\"><strong>PROQUELEC<\/strong> est un organisme associatif qui a comme but principal la promotion de la qualit\u00e9 du mat\u00e9riel et des installations \u00e9lectriques int\u00e9rieures par la vulgarisation des normes et des dispositions s\u00e9curitaires dans les locaux d\u2019habitation, les locaux recevant du public, les \u00e9tablissements recevant des travailleurs<\/p>\n<p><\/div>\n<\/div>\n<p>[\/vc_column_text][\/vc_column][\/vc_row]<\/p>\n","protected":false},"excerpt":{"rendered":"<p>[vc_row][vc_column][vc_column_text]Le groupe alpages a nouer avec certains de bureaux techniques des partenariat\u00a0 \u00e0 travers le monde\u00a0 notamment\u00a0 : L\u2019Association des bureaux de Contr\u00f4le technique et d\u2019Inspection Agr\u00e9\u00e9s du S\u00e9n\u00e9gal (ACIAS) est un organisme professionnel ayant pour objet principal l\u2019organisation, la promotion et la d\u00e9fense de la profession d\u2019inspection ind\u00e9pendante incluant notamment dans son champ de<\/p>\n","protected":false},"author":2,"featured_media":0,"parent":0,"menu_order":0,"comment_status":"closed","ping_status":"closed","template":"","meta":{"footnotes":""},"class_list":["post-472","page","type-page","status-publish","hentry"],"_links":{"self":[{"href":"https:\/\/groupe-alpages.com\/wps\/wp-json\/wp\/v2\/pages\/472","targetHints":{"allow":["GET"]}}],"collection":[{"href":"https:\/\/groupe-alpages.com\/wps\/wp-json\/wp\/v2\/pages"}],"about":[{"href":"https:\/\/groupe-alpages.com\/wps\/wp-json\/wp\/v2\/types\/page"}],"author":[{"embeddable":true,"href":"https:\/\/groupe-alpages.com\/wps\/wp-json\/wp\/v2\/users\/2"}],"replies":[{"embeddable":true,"href":"https:\/\/groupe-alpages.com\/wps\/wp-json\/wp\/v2\/comments?post=472"}],"version-history":[{"count":16,"href":"https:\/\/groupe-alpages.com\/wps\/wp-json\/wp\/v2\/pages\/472\/revisions"}],"predecessor-version":[{"id":4170,"href":"https:\/\/groupe-alpages.com\/wps\/wp-json\/wp\/v2\/pages\/472\/revisions\/4170"}],"wp:attachment":[{"href":"https:\/\/groupe-alpages.com\/wps\/wp-json\/wp\/v2\/media?parent=472"}],"curies":[{"name":"wp","href":"https:\/\/api.w.org\/{rel}","templated":true}]}}