{"id":899,"date":"2017-11-22T13:22:42","date_gmt":"2017-11-22T12:22:42","guid":{"rendered":"http:\/\/www.pauvs.org\/wps\/?page_id=899"},"modified":"2020-04-27T22:01:41","modified_gmt":"2020-04-27T22:01:41","slug":"formation","status":"publish","type":"page","link":"https:\/\/groupe-alpages.com\/wps\/formation\/","title":{"rendered":"Formation"},"content":{"rendered":"<p>[vc_row][vc_column][vc_row_inner][vc_column_inner][vc_column_text]<\/p>\n<p style=\"text-align: justify;\">L\u2019\u00e9volution rapide des connaissances et la complexit\u00e9 croissante des environnements n\u00e9cessitent une mise \u00e0 niveau r\u00e9guli\u00e8re des ressources humaines. C\u2019est pourquoi <strong>ALPAGES<\/strong> offre des formations qualifiantes dans\u00a0:<\/p>\n<ul style=\"text-align: justify;\">\n<li>La gestion des chantiers<\/li>\n<li>La qualit\u00e9 des constructions<\/li>\n<li>La s\u00e9curit\u00e9 incendie<\/li>\n<li>La S\u00e9curit\u00e9 Protection Sant\u00e9 du travail (SPS)<\/li>\n<\/ul>\n<p style=\"text-align: justify;\">Les formations sont \u00e0 la demande du client et peuvent se faire en intra ou en inter.<\/p>\n<p>[\/vc_column_text][\/vc_column_inner][\/vc_row_inner][vc_column_text]<\/p>\n<h3><img loading=\"lazy\" decoding=\"async\" class=\"size-medium wp-image-4072 aligncenter\" src=\"https:\/\/groupe-alpages.com\/wps\/wp-content\/uploads\/2017\/10\/formation-768x350.jpg\" alt=\"\" width=\"768\" height=\"350\" \/>Calendrier de formation<br \/>\nAnn\u00e9e 2020<\/h3>\n<table border=\"1\" width=\"600\" cellspacing=\"2\" cellpadding=\"0\">\n<tbody>\n<tr>\n<th scope=\"col\" align=\"center\" valign=\"middle\" bgcolor=\"#CCCCCC\" width=\"47\">N\u00b0<\/th>\n<th scope=\"col\" align=\"center\" valign=\"middle\" bgcolor=\"#CCCCCC\" width=\"232\">P\u00e9riode<\/th>\n<th scope=\"col\" align=\"center\" valign=\"middle\" bgcolor=\"#CCCCCC\" width=\"286\">Intitul\u00e9 formation<\/th>\n<th scope=\"col\" align=\"center\" valign=\"middle\" bgcolor=\"#CCCCCC\" width=\"225\"><\/th>\n<\/tr>\n<tr>\n<td><\/td>\n<td><\/td>\n<td><\/td>\n<td><\/td>\n<\/tr>\n<tr>\n<td><\/td>\n<td><\/td>\n<td><\/td>\n<td><\/td>\n<\/tr>\n<tr>\n<td><\/td>\n<td><\/td>\n<td><\/td>\n<td><\/td>\n<\/tr>\n<\/tbody>\n<\/table>\n<p>[\/vc_column_text][vc_column_text]<\/p>\n<h3>Inscription en ligne<\/h3>\n<p>Pour les inscriptions \u00e0 nos s\u00e9minaires de formation merci de transmettre un mail \u00e0 l&rsquo;adresse email suivante alpages@orange.sn avec l&rsquo;objet :\u00a0\u00bbinformations sur les s\u00e9minaires de formation\u00a0\u00bb<\/p>\n<p>merci[\/vc_column_text][\/vc_column][\/vc_row]<\/p>\n","protected":false},"excerpt":{"rendered":"<p>[vc_row][vc_column][vc_row_inner][vc_column_inner][vc_column_text] L\u2019\u00e9volution rapide des connaissances et la complexit\u00e9 croissante des environnements n\u00e9cessitent une mise \u00e0 niveau r\u00e9guli\u00e8re des ressources humaines. C\u2019est pourquoi ALPAGES offre des formations qualifiantes dans\u00a0: La gestion des chantiers La qualit\u00e9 des constructions La s\u00e9curit\u00e9 incendie La S\u00e9curit\u00e9 Protection Sant\u00e9 du travail (SPS) Les formations sont \u00e0 la demande du client et<\/p>\n","protected":false},"author":1,"featured_media":0,"parent":0,"menu_order":0,"comment_status":"closed","ping_status":"closed","template":"","meta":{"footnotes":""},"class_list":["post-899","page","type-page","status-publish","hentry"],"_links":{"self":[{"href":"https:\/\/groupe-alpages.com\/wps\/wp-json\/wp\/v2\/pages\/899","targetHints":{"allow":["GET"]}}],"collection":[{"href":"https:\/\/groupe-alpages.com\/wps\/wp-json\/wp\/v2\/pages"}],"about":[{"href":"https:\/\/groupe-alpages.com\/wps\/wp-json\/wp\/v2\/types\/page"}],"author":[{"embeddable":true,"href":"https:\/\/groupe-alpages.com\/wps\/wp-json\/wp\/v2\/users\/1"}],"replies":[{"embeddable":true,"href":"https:\/\/groupe-alpages.com\/wps\/wp-json\/wp\/v2\/comments?post=899"}],"version-history":[{"count":8,"href":"https:\/\/groupe-alpages.com\/wps\/wp-json\/wp\/v2\/pages\/899\/revisions"}],"predecessor-version":[{"id":4195,"href":"https:\/\/groupe-alpages.com\/wps\/wp-json\/wp\/v2\/pages\/899\/revisions\/4195"}],"wp:attachment":[{"href":"https:\/\/groupe-alpages.com\/wps\/wp-json\/wp\/v2\/media?parent=899"}],"curies":[{"name":"wp","href":"https:\/\/api.w.org\/{rel}","templated":true}]}}